{"id":1012,"date":"2021-10-01T00:35:34","date_gmt":"2021-09-30T22:35:34","guid":{"rendered":"https:\/\/skalnedziki.pl\/?page_id=1012"},"modified":"2021-10-01T00:57:04","modified_gmt":"2021-09-30T22:57:04","slug":"grand-capucina-dent-du-geant","status":"publish","type":"page","link":"https:\/\/skalnedziki.pl\/index.php\/grand-capucina-dent-du-geant\/","title":{"rendered":"Grand Capucina, Dent du G\u00e9ant"},"content":{"rendered":"\n<section class=\"wp-block-themeisle-blocks-advanced-columns alignfull has-2-columns has-desktop-equal-layout has-tablet-equal-layout has-mobile-collapsedRows-layout has-default-gap has-vertical-flex-start\" id=\"wp-block-themeisle-blocks-advanced-columns-b1d4202f\"><div class=\"wp-block-themeisle-blocks-advanced-columns-overlay\"><\/div><div class=\"innerblocks-wrap\">\n<div class=\"wp-block-themeisle-blocks-advanced-column\" id=\"wp-block-themeisle-blocks-advanced-column-5b4dc470\">\n<p>Wspinanie w Alpach to nie tylko Filar Freneya <img loading=\"lazy\" decoding=\"async\" height=\"16\" width=\"16\" alt=\"\ud83d\ude05\" src=\"https:\/\/static.xx.fbcdn.net\/images\/emoji.php\/v9\/t53\/1\/16\/1f605.png\"><\/p>\n\n\n\n<p>20.07.2020. razem z <a href=\"https:\/\/www.facebook.com\/balon.krzysztof?__cft__[0]=AZWeOCo3B_pJTdr7fwFakWo_kJvOgw9NnepfZenHLFnT37shEuvgYV47ehu7lt7MAHj1cy1zNA-OZIR2ItEiL8AuczJB6Zw8Q-35mQM3yGWyGiBj7oKDbrVKr6sF0rcr3uDyikU9X8rgHJTFh8nxmRTnxy7gLGSLtCvq1-sC88YG9Q&amp;__tn__=-]K-R\">Krzysztof Balon<\/a> odwiedzili\u015bmy Grand Capucina na kt\u00f3ry zrobili\u015bmy drog\u0119 Bonatti-Ghigo w stylu 6c A0. Grand Capucin to taki alpejski mnich. Pi\u0119kna turnia z pomara\u0144czowego granitu wyrastaj\u0105ca wprost z lodowca a na niej wiele pi\u0119knych dr\u00f3g w najlepszej jako\u015bci granice czego chcie\u0107 wi\u0119cej <img loading=\"lazy\" decoding=\"async\" height=\"16\" width=\"16\" alt=\"\ud83d\ude04\" src=\"https:\/\/static.xx.fbcdn.net\/images\/emoji.php\/v9\/td2\/1\/16\/1f604.png\"> Wystartowali\u015bmy w drog\u0119 oko\u0142o godziny 8. Zmieniali\u015bmy si\u0119 na prowadzeniu po 4 wyci\u0105gach. Wszystko sz\u0142o sprawnie mniej wi\u0119cej do \u2154 \u015bciany gdzie zacz\u0119li\u015bmy odczuwa\u0107 kompletny brak aklimatyzacji, tempo spad\u0142o. Pod wyci\u0105giem za 7a+ byli\u015bmy p\u00f3\u017ano i w cieniu, wyci\u0105g przehaczyli\u015bmy i do szczytu doszli\u015bmy dziwnymi wariantami znacznie odbiegaj\u0105cymi od oryginalnej linii. Na szczycie zameldowali\u015bmy si\u0119 o 23 by po oko\u0142o 10 szybkich zjazdach dotrze\u0107 do namiotu o godzinie 1.00.<\/p>\n\n\n\n<p>Wnioski:<\/p>\n\n\n\n<p> <img loading=\"lazy\" decoding=\"async\" height=\"16\" width=\"16\" alt=\"\ud83d\udc49\" src=\"https:\/\/static.xx.fbcdn.net\/images\/emoji.php\/v9\/t51\/1\/16\/1f449.png\"> By\u0142o to dobre przygotowanie przed Filarem Freneya, przekonali\u015bmy si\u0119 \u017ce nocne wspinanie w niskich temperaturach jest mo\u017cliwe. <\/p>\n\n\n\n<p><img loading=\"lazy\" decoding=\"async\" height=\"16\" width=\"16\" alt=\"\ud83d\udc49\" src=\"https:\/\/static.xx.fbcdn.net\/images\/emoji.php\/v9\/t51\/1\/16\/1f449.png\"> Topo Rockfaxu k\u0142amie.<\/p>\n\n\n\n<p><img loading=\"lazy\" decoding=\"async\" height=\"16\" width=\"16\" alt=\"\ud83d\udc49\" src=\"https:\/\/static.xx.fbcdn.net\/images\/emoji.php\/v9\/t51\/1\/16\/1f449.png\"> Potrzebujemy lepszej aklimatyzacji.<\/p>\n\n\n\n<p>\u017beby poprawi\u0107 nasza aklimatyzacje przeczekali\u015bmy dwa dni gorszej pogody na lodowcu i 23.07.2020 poszli\u015bmy na Dent du G\u00e9ant (Z\u0105b Giganta). Jak przeczytali\u015bmy w schronisku Torino najtrudniejszy alpejski czterotysi\u0119cznik <img loading=\"lazy\" decoding=\"async\" height=\"16\" width=\"16\" alt=\"\ud83d\ude42\" src=\"https:\/\/static.xx.fbcdn.net\/images\/emoji.php\/v9\/t4c\/1\/16\/1f642.png\">. Dla tych co chc\u0105 si\u0119 tam wybra\u0107 polecam zamieni\u0107 trening wspinaczkowy na podchodzenie po linie (na r\u0119kach oczywi\u015bcie) na pewno du\u017co bardziej si\u0119 prze\u0142o\u017cy <img loading=\"lazy\" decoding=\"async\" height=\"16\" width=\"16\" alt=\"\ud83d\ude1c\" src=\"https:\/\/static.xx.fbcdn.net\/images\/emoji.php\/v9\/t20\/1\/16\/1f61c.png\"><\/p>\n<\/div>\n\n\n\n<div class=\"wp-block-themeisle-blocks-advanced-column\" id=\"wp-block-themeisle-blocks-advanced-column-e2754456\"><style type=\"text\/css\" scoped>.rbs_gallery_69dabb008cbc8Spinner{\r\n\t\t\t\tmargin: 50px auto;\r\n\t\t\t\twidth: 50px;\r\n\t\t\t\theight: 40px;\r\n\t\t\t\ttext-align: center;\r\n\t\t\t\tfont-size: 10px;\r\n\t\t\t}\r\n\t\t\t.rbs_gallery_69dabb008cbc8Spinner > div{\r\n\t\t\t  background-color: #333;\r\n\t\t\t  height: 100%;\r\n\t\t\t  width: 6px;\r\n\t\t\t  display: inline-block;\r\n\t\t\t  -webkit-animation: rbs_gallery_69dabb008cbc8-stretchdelay 1.2s infinite ease-in-out;\r\n\t\t\t  animation: rbs_gallery_69dabb008cbc8-stretchdelay 1.2s infinite ease-in-out;\r\n\t\t\t}\r\n\t\t\t.rbs_gallery_69dabb008cbc8Spinner .rbs_gallery_69dabb008cbc8Rect2 {\r\n\t\t\t  -webkit-animation-delay: -1.1s;\r\n\t\t\t  animation-delay: -1.1s;\r\n\t\t\t}\r\n\t\t\t.rbs_gallery_69dabb008cbc8Spinner .rbs_gallery_69dabb008cbc8Rect3 {\r\n\t\t\t  -webkit-animation-delay: -1.0s;\r\n\t\t\t  animation-delay: -1.0s;\r\n\t\t\t}\r\n\t\t\t.rbs_gallery_69dabb008cbc8Spinner .rbs_gallery_69dabb008cbc8Rect4 {\r\n\t\t\t  -webkit-animation-delay: -0.9s;\r\n\t\t\t  animation-delay: -0.9s;\r\n\t\t\t}\r\n\t\t\t.rbs_gallery_69dabb008cbc8Spinner .rbs_gallery_69dabb008cbc8Rect5 {\r\n\t\t\t  -webkit-animation-delay: -0.8s;\r\n\t\t\t  animation-delay: -0.8s;\r\n\t\t\t}\r\n\t\t\t@-webkit-keyframes rbs_gallery_69dabb008cbc8-stretchdelay {\r\n\t\t\t  0%, 40%, 100% { -webkit-transform: scaleY(0.4) }  \r\n\t\t\t  20% { -webkit-transform: scaleY(1.0) }\r\n\t\t\t}\r\n\t\t\t@keyframes rbs_gallery_69dabb008cbc8-stretchdelay {\r\n\t\t\t  0%, 40%, 100% { \r\n\t\t\t    transform: scaleY(0.4);\r\n\t\t\t    -webkit-transform: scaleY(0.4);\r\n\t\t\t  }  20% { \r\n\t\t\t    transform: scaleY(1.0);\r\n\t\t\t    -webkit-transform: scaleY(1.0);\r\n\t\t\t  }\r\n\t\t\t}\r\n\t\t<\/style><div class=\"robo-gallery-wrap robo-gallery-wrap-id1015 robo-gallery-masonry\" ><div id=\"rbs_gallery_69dabb008cbc8-block-loader\" class=\"rbs_gallery_69dabb008cbc8Spinner\"><div class=\"rbs_gallery_69dabb008cbc8Rect1\"><\/div> <div class=\"rbs_gallery_69dabb008cbc8Rect2\"><\/div> <div class=\"rbs_gallery_69dabb008cbc8Rect3\"><\/div> <div class=\"rbs_gallery_69dabb008cbc8Rect4\"><\/div> <div class=\"rbs_gallery_69dabb008cbc8Rect5\"><\/div><\/div><div id=\"robo_gallery_main_block_rbs_gallery_69dabb008cbc8\" class=\"robogallery-gallery-1015\" style=\"width:100%;  display: none;\"><div id=\"rbs_gallery_69dabb008cbc8\" data-options=\"rbs_gallery_69dabb008cbc8\" style=\"width:100%;\" class=\"robo_gallery  \"><div class=\"rbs-img  category1015 \" ><div class=\"rbs-img-image   rbs-lightbox \" ><div class=\"rbs-img-thumbs\"  data-thumbnail=\"https:\/\/skalnedziki.pl\/wp-content\/uploads\/2021\/10\/Aklimatyzacja-na-drodze-Bonatti-Ghigo-Grand-Capucin-2-600x1024.jpg\"  title=\"Aklimatyzacja na drodze Bonatti-Ghigo, Grand Capucin\"  data-width=\"600\"  data-height=\"1024\" ><\/div><div class=\"rbs-img-data-popup\"  data-popup=\"https:\/\/skalnedziki.pl\/wp-content\/uploads\/2021\/10\/Aklimatyzacja-na-drodze-Bonatti-Ghigo-Grand-Capucin-2-scaled.jpg\"  title=\"Aklimatyzacja na drodze Bonatti-Ghigo, Grand Capucin\" ><\/div><div class=\"thumbnail-overlay\"><div class=\"rbsIcons\"><i class=\"fa fa-plus rbsZoomIcon \" ><\/i><\/div><\/div><\/div><\/div><div class=\"rbs-img  category1015 \" ><div class=\"rbs-img-image   rbs-lightbox \" ><div class=\"rbs-img-thumbs\"  data-thumbnail=\"https:\/\/skalnedziki.pl\/wp-content\/uploads\/2021\/10\/Baza-pod-grand-Capucinem-KW-Krakow-225x300.jpg\"  title=\"Baza pod grand Capucinem KW Krak\u00f3w\"  data-width=\"225\"  data-height=\"300\" ><\/div><div class=\"rbs-img-data-popup\"  data-popup=\"https:\/\/skalnedziki.pl\/wp-content\/uploads\/2021\/10\/Baza-pod-grand-Capucinem-KW-Krakow-scaled.jpg\"  title=\"Baza pod grand Capucinem KW Krak\u00f3w\" ><\/div><div class=\"thumbnail-overlay\"><div class=\"rbsIcons\"><i class=\"fa fa-plus rbsZoomIcon \" ><\/i><\/div><\/div><\/div><\/div><div class=\"rbs-img  category1015 \" ><div class=\"rbs-img-image   rbs-lightbox \" ><div class=\"rbs-img-thumbs\"  data-thumbnail=\"https:\/\/skalnedziki.pl\/wp-content\/uploads\/2021\/10\/Baza-pod-Grand-Capucinem-600x1024.jpg\"  title=\"Baza pod Grand Capucinem\"  data-width=\"600\"  data-height=\"1024\" ><\/div><div class=\"rbs-img-data-popup\"  data-popup=\"https:\/\/skalnedziki.pl\/wp-content\/uploads\/2021\/10\/Baza-pod-Grand-Capucinem-scaled.jpg\"  title=\"Baza pod Grand Capucinem\" ><\/div><div class=\"thumbnail-overlay\"><div class=\"rbsIcons\"><i class=\"fa fa-plus rbsZoomIcon \" ><\/i><\/div><\/div><\/div><\/div><div class=\"rbs-img  category1015 \" ><div class=\"rbs-img-image   rbs-lightbox \" ><div class=\"rbs-img-thumbs\"  data-thumbnail=\"https:\/\/skalnedziki.pl\/wp-content\/uploads\/2021\/10\/Wierzcholek-Dent-du-Geant-KW-Krakow-600x1024.jpg\"  title=\"Wierzcho\u0142ek Dent du Geant KW Krak\u00f3w\"  data-width=\"600\"  data-height=\"1024\" ><\/div><div class=\"rbs-img-data-popup\"  data-popup=\"https:\/\/skalnedziki.pl\/wp-content\/uploads\/2021\/10\/Wierzcholek-Dent-du-Geant-KW-Krakow-scaled.jpg\"  title=\"Wierzcho\u0142ek Dent du Geant KW Krak\u00f3w\" ><\/div><div class=\"thumbnail-overlay\"><div class=\"rbsIcons\"><i class=\"fa fa-plus rbsZoomIcon \" ><\/i><\/div><\/div><\/div><\/div><div class=\"rbs-img  category1015 \" ><div class=\"rbs-img-image   rbs-lightbox \" ><div class=\"rbs-img-thumbs\"  data-thumbnail=\"https:\/\/skalnedziki.pl\/wp-content\/uploads\/2021\/10\/Wierzcholek-Dent-du-Geant-z-przypadkowym-przewodnikiem-600x1024.jpg\"  title=\"Wierzcho\u0142ek Dent du Geant z przypadkowym przewodnikiem\"  data-width=\"600\"  data-height=\"1024\" ><\/div><div class=\"rbs-img-data-popup\"  data-popup=\"https:\/\/skalnedziki.pl\/wp-content\/uploads\/2021\/10\/Wierzcholek-Dent-du-Geant-z-przypadkowym-przewodnikiem-scaled.jpg\"  title=\"Wierzcho\u0142ek Dent du Geant z przypadkowym przewodnikiem\" ><\/div><div class=\"thumbnail-overlay\"><div class=\"rbsIcons\"><i class=\"fa fa-plus rbsZoomIcon \" ><\/i><\/div><\/div><\/div><\/div><div class=\"rbs-img  category1015 \" ><div class=\"rbs-img-image   rbs-lightbox \" ><div class=\"rbs-img-thumbs\"  data-thumbnail=\"https:\/\/skalnedziki.pl\/wp-content\/uploads\/2021\/10\/IMG_20200719_192853-600x1024.jpg\"  title=\"IMG_20200719_192853\"  data-width=\"600\"  data-height=\"1024\" ><\/div><div class=\"rbs-img-data-popup\"  data-popup=\"https:\/\/skalnedziki.pl\/wp-content\/uploads\/2021\/10\/IMG_20200719_192853-scaled.jpg\"  title=\"IMG_20200719_192853\" ><\/div><div class=\"thumbnail-overlay\"><div class=\"rbsIcons\"><i class=\"fa fa-plus rbsZoomIcon \" ><\/i><\/div><\/div><\/div><\/div><div class=\"rbs-img  category1015 \" ><div class=\"rbs-img-image   rbs-lightbox \" ><div class=\"rbs-img-thumbs\"  data-thumbnail=\"https:\/\/skalnedziki.pl\/wp-content\/uploads\/2021\/10\/PANO_20200721_204630-1-300x73.jpg\"  title=\"PANO_20200721_204630 (1)\"  data-width=\"300\"  data-height=\"73\" ><\/div><div class=\"rbs-img-data-popup\"  data-popup=\"https:\/\/skalnedziki.pl\/wp-content\/uploads\/2021\/10\/PANO_20200721_204630-1-scaled.jpg\"  title=\"PANO_20200721_204630 (1)\" ><\/div><div class=\"thumbnail-overlay\"><div class=\"rbsIcons\"><i class=\"fa fa-plus rbsZoomIcon \" ><\/i><\/div><\/div><\/div><\/div><div class=\"rbs-img  category1015 \" ><div class=\"rbs-img-image   rbs-lightbox \" ><div class=\"rbs-img-thumbs\"  data-thumbnail=\"https:\/\/skalnedziki.pl\/wp-content\/uploads\/2021\/10\/IMG_20200723_131051811-600x1024.jpg\"  title=\"IMG_20200723_131051811\"  data-width=\"600\"  data-height=\"1024\" ><\/div><div class=\"rbs-img-data-popup\"  data-popup=\"https:\/\/skalnedziki.pl\/wp-content\/uploads\/2021\/10\/IMG_20200723_131051811-scaled.jpg\"  title=\"IMG_20200723_131051811\" ><\/div><div class=\"thumbnail-overlay\"><div class=\"rbsIcons\"><i class=\"fa fa-plus rbsZoomIcon \" ><\/i><\/div><\/div><\/div><\/div><div class=\"rbs-img  category1015 \" ><div class=\"rbs-img-image   rbs-lightbox \" ><div class=\"rbs-img-thumbs\"  data-thumbnail=\"https:\/\/skalnedziki.pl\/wp-content\/uploads\/2021\/10\/IMG_20200722_123438160-600x1024.jpg\"  title=\"IMG_20200722_123438160\"  data-width=\"600\"  data-height=\"1024\" ><\/div><div class=\"rbs-img-data-popup\"  data-popup=\"https:\/\/skalnedziki.pl\/wp-content\/uploads\/2021\/10\/IMG_20200722_123438160-scaled.jpg\"  title=\"IMG_20200722_123438160\" ><\/div><div class=\"thumbnail-overlay\"><div class=\"rbsIcons\"><i class=\"fa fa-plus rbsZoomIcon \" ><\/i><\/div><\/div><\/div><\/div><div class=\"rbs-img  category1015 \" ><div class=\"rbs-img-image   rbs-lightbox \" ><div class=\"rbs-img-thumbs\"  data-thumbnail=\"https:\/\/skalnedziki.pl\/wp-content\/uploads\/2021\/10\/IMG_20200720_112454669-1-scaled-e1633042484533-600x1024.jpg\"  title=\"IMG_20200720_112454669 (1)\"  data-width=\"600\"  data-height=\"1024\" ><\/div><div class=\"rbs-img-data-popup\"  data-popup=\"https:\/\/skalnedziki.pl\/wp-content\/uploads\/2021\/10\/IMG_20200720_112454669-1-scaled-e1633042484533.jpg\"  title=\"IMG_20200720_112454669 (1)\" ><\/div><div class=\"thumbnail-overlay\"><div class=\"rbsIcons\"><i class=\"fa fa-plus rbsZoomIcon \" ><\/i><\/div><\/div><\/div><\/div><\/div><\/div><\/div><script>var rbs_gallery_69dabb008cbc8 = {\"version\":\"3.2.11\",\"id\":1015,\"class\":\"id1015\",\"roboGalleryDelay\":1000,\"mainContainer\":\"#robo_gallery_main_block_rbs_gallery_69dabb008cbc8\",\"loadingContainer\":\"#rbs_gallery_69dabb008cbc8-block-loader\",\"loadingContainerObj\":\"rbs_gallery_69dabb008cbc8-block-loader\",\"columnWidth\":\"auto\",\"columns\":3,\"resolutions\":[{\"columnWidth\":\"auto\",\"columns\":3,\"maxWidth\":960},{\"columnWidth\":\"auto\",\"columns\":2,\"maxWidth\":650},{\"columnWidth\":\"auto\",\"columns\":1,\"maxWidth\":450}],\"lightboxOptions\":{\"gallery\":{\"enabled\":true,\"tCounter\":\"%curr% of %total%\"}},\"overlayEffect\":\"direction-aware-fade\",\"boxesToLoadStart\":12,\"boxesToLoad\":8,\"waitUntilThumbLoads\":1,\"LoadingWord\":\"Loading...\",\"loadMoreWord\":\"Load More\",\"noMoreEntriesWord\":\"No More Entries\",\"horizontalSpaceBetweenBoxes\":15,\"verticalSpaceBetweenBoxes\":15,\"lazyLoad\":1,\"wrapContainer\":\"#robo-gallery-wrap-rbs_gallery_69dabb008cbc8\"};<\/script>\n<\/div>\n<\/div><\/section>\n\n\n\n<p><\/p>\n","protected":false},"excerpt":{"rendered":"","protected":false},"author":2,"featured_media":1036,"parent":0,"menu_order":0,"comment_status":"closed","ping_status":"closed","template":"page-templates\/template-fullwidth.php","meta":{"_themeisle_gutenberg_block_has_review":false,"footnotes":""},"class_list":["post-1012","page","type-page","status-publish","has-post-thumbnail","hentry"],"yoast_head":"<!-- This site is optimized with the Yoast SEO plugin v19.14 - https:\/\/yoast.com\/wordpress\/plugins\/seo\/ -->\n<title>Grand Capucina, Dent du G\u00e9ant - Skalne Dziki<\/title>\n<meta name=\"robots\" content=\"index, follow, max-snippet:-1, max-image-preview:large, max-video-preview:-1\" \/>\n<link rel=\"canonical\" href=\"https:\/\/skalnedziki.pl\/index.php\/grand-capucina-dent-du-geant\/\" \/>\n<meta property=\"og:locale\" content=\"pl_PL\" \/>\n<meta property=\"og:type\" content=\"article\" \/>\n<meta property=\"og:title\" content=\"Grand Capucina, Dent du G\u00e9ant - Skalne Dziki\" \/>\n<meta property=\"og:url\" content=\"https:\/\/skalnedziki.pl\/index.php\/grand-capucina-dent-du-geant\/\" \/>\n<meta property=\"og:site_name\" content=\"Skalne Dziki\" \/>\n<meta property=\"article:modified_time\" content=\"2021-09-30T22:57:04+00:00\" \/>\n<meta property=\"og:image\" content=\"https:\/\/skalnedziki.pl\/wp-content\/uploads\/2021\/10\/IMG_20200720_112454669-1-1-scaled.jpg\" \/>\n\t<meta property=\"og:image:width\" content=\"2560\" \/>\n\t<meta property=\"og:image:height\" content=\"828\" \/>\n\t<meta property=\"og:image:type\" content=\"image\/jpeg\" \/>\n<meta name=\"twitter:card\" content=\"summary_large_image\" \/>\n<meta name=\"twitter:label1\" content=\"Szacowany czas czytania\" \/>\n\t<meta name=\"twitter:data1\" content=\"3 minuty\" \/>\n<script type=\"application\/ld+json\" class=\"yoast-schema-graph\">{\"@context\":\"https:\/\/schema.org\",\"@graph\":[{\"@type\":\"WebPage\",\"@id\":\"https:\/\/skalnedziki.pl\/index.php\/grand-capucina-dent-du-geant\/\",\"url\":\"https:\/\/skalnedziki.pl\/index.php\/grand-capucina-dent-du-geant\/\",\"name\":\"Grand Capucina, Dent du G\u00e9ant - Skalne Dziki\",\"isPartOf\":{\"@id\":\"https:\/\/skalnedziki.pl\/#website\"},\"datePublished\":\"2021-09-30T22:35:34+00:00\",\"dateModified\":\"2021-09-30T22:57:04+00:00\",\"breadcrumb\":{\"@id\":\"https:\/\/skalnedziki.pl\/index.php\/grand-capucina-dent-du-geant\/#breadcrumb\"},\"inLanguage\":\"pl-PL\",\"potentialAction\":[{\"@type\":\"ReadAction\",\"target\":[\"https:\/\/skalnedziki.pl\/index.php\/grand-capucina-dent-du-geant\/\"]}]},{\"@type\":\"BreadcrumbList\",\"@id\":\"https:\/\/skalnedziki.pl\/index.php\/grand-capucina-dent-du-geant\/#breadcrumb\",\"itemListElement\":[{\"@type\":\"ListItem\",\"position\":1,\"name\":\"Strona g\u0142\u00f3wna\",\"item\":\"https:\/\/skalnedziki.pl\/\"},{\"@type\":\"ListItem\",\"position\":2,\"name\":\"Grand Capucina, Dent du G\u00e9ant\"}]},{\"@type\":\"WebSite\",\"@id\":\"https:\/\/skalnedziki.pl\/#website\",\"url\":\"https:\/\/skalnedziki.pl\/\",\"name\":\"Skalne Dziki\",\"description\":\"Szko\u0142a Wspinaczki\",\"publisher\":{\"@id\":\"https:\/\/skalnedziki.pl\/#organization\"},\"potentialAction\":[{\"@type\":\"SearchAction\",\"target\":{\"@type\":\"EntryPoint\",\"urlTemplate\":\"https:\/\/skalnedziki.pl\/?s={search_term_string}\"},\"query-input\":\"required name=search_term_string\"}],\"inLanguage\":\"pl-PL\"},{\"@type\":\"Organization\",\"@id\":\"https:\/\/skalnedziki.pl\/#organization\",\"name\":\"Skalne Dziki\",\"url\":\"https:\/\/skalnedziki.pl\/\",\"logo\":{\"@type\":\"ImageObject\",\"inLanguage\":\"pl-PL\",\"@id\":\"https:\/\/skalnedziki.pl\/#\/schema\/logo\/image\/\",\"url\":\"https:\/\/skalnedziki.pl\/wp-content\/uploads\/2021\/11\/cropped-LOGO-2-bez-ramiki-i-napisu.jpg\",\"contentUrl\":\"https:\/\/skalnedziki.pl\/wp-content\/uploads\/2021\/11\/cropped-LOGO-2-bez-ramiki-i-napisu.jpg\",\"width\":1442,\"height\":1363,\"caption\":\"Skalne Dziki\"},\"image\":{\"@id\":\"https:\/\/skalnedziki.pl\/#\/schema\/logo\/image\/\"}}]}<\/script>\n<!-- \/ Yoast SEO plugin. -->","yoast_head_json":{"title":"Grand Capucina, Dent du G\u00e9ant - Skalne Dziki","robots":{"index":"index","follow":"follow","max-snippet":"max-snippet:-1","max-image-preview":"max-image-preview:large","max-video-preview":"max-video-preview:-1"},"canonical":"https:\/\/skalnedziki.pl\/index.php\/grand-capucina-dent-du-geant\/","og_locale":"pl_PL","og_type":"article","og_title":"Grand Capucina, Dent du G\u00e9ant - Skalne Dziki","og_url":"https:\/\/skalnedziki.pl\/index.php\/grand-capucina-dent-du-geant\/","og_site_name":"Skalne Dziki","article_modified_time":"2021-09-30T22:57:04+00:00","og_image":[{"width":2560,"height":828,"url":"https:\/\/skalnedziki.pl\/wp-content\/uploads\/2021\/10\/IMG_20200720_112454669-1-1-scaled.jpg","type":"image\/jpeg"}],"twitter_card":"summary_large_image","twitter_misc":{"Szacowany czas czytania":"3 minuty"},"schema":{"@context":"https:\/\/schema.org","@graph":[{"@type":"WebPage","@id":"https:\/\/skalnedziki.pl\/index.php\/grand-capucina-dent-du-geant\/","url":"https:\/\/skalnedziki.pl\/index.php\/grand-capucina-dent-du-geant\/","name":"Grand Capucina, Dent du G\u00e9ant - Skalne Dziki","isPartOf":{"@id":"https:\/\/skalnedziki.pl\/#website"},"datePublished":"2021-09-30T22:35:34+00:00","dateModified":"2021-09-30T22:57:04+00:00","breadcrumb":{"@id":"https:\/\/skalnedziki.pl\/index.php\/grand-capucina-dent-du-geant\/#breadcrumb"},"inLanguage":"pl-PL","potentialAction":[{"@type":"ReadAction","target":["https:\/\/skalnedziki.pl\/index.php\/grand-capucina-dent-du-geant\/"]}]},{"@type":"BreadcrumbList","@id":"https:\/\/skalnedziki.pl\/index.php\/grand-capucina-dent-du-geant\/#breadcrumb","itemListElement":[{"@type":"ListItem","position":1,"name":"Strona g\u0142\u00f3wna","item":"https:\/\/skalnedziki.pl\/"},{"@type":"ListItem","position":2,"name":"Grand Capucina, Dent du G\u00e9ant"}]},{"@type":"WebSite","@id":"https:\/\/skalnedziki.pl\/#website","url":"https:\/\/skalnedziki.pl\/","name":"Skalne Dziki","description":"Szko\u0142a Wspinaczki","publisher":{"@id":"https:\/\/skalnedziki.pl\/#organization"},"potentialAction":[{"@type":"SearchAction","target":{"@type":"EntryPoint","urlTemplate":"https:\/\/skalnedziki.pl\/?s={search_term_string}"},"query-input":"required name=search_term_string"}],"inLanguage":"pl-PL"},{"@type":"Organization","@id":"https:\/\/skalnedziki.pl\/#organization","name":"Skalne Dziki","url":"https:\/\/skalnedziki.pl\/","logo":{"@type":"ImageObject","inLanguage":"pl-PL","@id":"https:\/\/skalnedziki.pl\/#\/schema\/logo\/image\/","url":"https:\/\/skalnedziki.pl\/wp-content\/uploads\/2021\/11\/cropped-LOGO-2-bez-ramiki-i-napisu.jpg","contentUrl":"https:\/\/skalnedziki.pl\/wp-content\/uploads\/2021\/11\/cropped-LOGO-2-bez-ramiki-i-napisu.jpg","width":1442,"height":1363,"caption":"Skalne Dziki"},"image":{"@id":"https:\/\/skalnedziki.pl\/#\/schema\/logo\/image\/"}}]}},"_links":{"self":[{"href":"https:\/\/skalnedziki.pl\/index.php\/wp-json\/wp\/v2\/pages\/1012","targetHints":{"allow":["GET"]}}],"collection":[{"href":"https:\/\/skalnedziki.pl\/index.php\/wp-json\/wp\/v2\/pages"}],"about":[{"href":"https:\/\/skalnedziki.pl\/index.php\/wp-json\/wp\/v2\/types\/page"}],"author":[{"embeddable":true,"href":"https:\/\/skalnedziki.pl\/index.php\/wp-json\/wp\/v2\/users\/2"}],"replies":[{"embeddable":true,"href":"https:\/\/skalnedziki.pl\/index.php\/wp-json\/wp\/v2\/comments?post=1012"}],"version-history":[{"count":3,"href":"https:\/\/skalnedziki.pl\/index.php\/wp-json\/wp\/v2\/pages\/1012\/revisions"}],"predecessor-version":[{"id":1032,"href":"https:\/\/skalnedziki.pl\/index.php\/wp-json\/wp\/v2\/pages\/1012\/revisions\/1032"}],"wp:featuredmedia":[{"embeddable":true,"href":"https:\/\/skalnedziki.pl\/index.php\/wp-json\/wp\/v2\/media\/1036"}],"wp:attachment":[{"href":"https:\/\/skalnedziki.pl\/index.php\/wp-json\/wp\/v2\/media?parent=1012"}],"curies":[{"name":"wp","href":"https:\/\/api.w.org\/{rel}","templated":true}]}}