{"id":1100,"date":"2021-10-01T12:10:54","date_gmt":"2021-10-01T10:10:54","guid":{"rendered":"https:\/\/skalnedziki.pl\/?page_id=1100"},"modified":"2021-10-01T14:09:42","modified_gmt":"2021-10-01T12:09:42","slug":"pietra-di-bismantova","status":"publish","type":"page","link":"https:\/\/skalnedziki.pl\/index.php\/pietra-di-bismantova\/","title":{"rendered":"Pietra di Bismantova"},"content":{"rendered":"\n<section class=\"wp-block-themeisle-blocks-advanced-columns alignfull has-2-columns has-desktop-equal-layout has-tablet-equal-layout has-mobile-collapsedRows-layout has-default-gap has-vertical-flex-start\" id=\"wp-block-themeisle-blocks-advanced-columns-dcddb1dc\"><div class=\"wp-block-themeisle-blocks-advanced-columns-overlay\"><\/div><div class=\"innerblocks-wrap\">\n<div class=\"wp-block-themeisle-blocks-advanced-column\" id=\"wp-block-themeisle-blocks-advanced-column-3019d1e7\">\n<p>Pietra di Bismantova<img loading=\"lazy\" decoding=\"async\" height=\"16\" width=\"16\" alt=\"\u203c\ufe0f\" src=\"https:\/\/static.xx.fbcdn.net\/images\/emoji.php\/v9\/t77\/1\/16\/203c.png\"> niedaleko Modeny. Pi\u0119kny Piaskowcowy mur skalny o wysoko\u015bci od 60 do 140 metr\u00f3w, oferuje drogi sportowe i wielowyci\u0105gowe. Piaskowiec jest drobnoziarnisty a rze\u017aba przypomina t\u0105 z Labaku. Drogi sportowe s\u0105 dobrze obite spitami lub ringami<img loading=\"lazy\" decoding=\"async\" height=\"16\" width=\"16\" alt=\"\ud83d\ude01\" src=\"https:\/\/static.xx.fbcdn.net\/images\/emoji.php\/v9\/t4f\/1\/16\/1f601.png\">. Jest to jedyne znane mi miejsce w europie gdzie mamy du\u017cy rejon wspinaczkowy z najlepszej jako\u015bci piaskowcem oraz bezpiecznym obiciem. Co wiecej piaskowiec tam wyst\u0119puj\u0105cy jest na tyle twardy \u017c\u0119 lokalini wspinacze asekuruj\u0105 si\u0119 z ko\u015bci i frend\u00f3w na drogach z asekuracja tradycyjn\u0105. Wi\u0119kszo\u015b\u0107 \u015bcian ma wystaw\u0119 po\u0142udniow\u0105 wi\u0119c najlepszym okresem do wspinaczki to wiosna i jesie\u0144 cho\u0107 lokalsi zapewniali \u017ce wspinaj\u0105 si\u0119 r\u00f3wnie\u017c w zimie, pomimo zalegaj\u0105cego pod \u015bcian\u0105 \u015bniegu. Pod ska\u0142ami jest parking z dobr\u0105 infrastruktur\u0105: \u017ar\u00f3de\u0142ko z pitn\u0105 woda, toaleta. W ska\u0142y z tego miejsca mamy od 10 do 20 minut. Pod ska\u0142ami jest schronisko w kt\u00f3rym mo\u017cemy zakupi\u0107 topo i zasi\u0119gn\u0105\u0107 informacji. A\u017c dziw bierze \u017ce ten rejon jest tak ma\u0142o znany w Polsce. Przy najbli\u017cszej okazji b\u0119d\u0119 chcia\u0142 tam wr\u00f3ci\u0107 i polecam to miejsce ka\u017cdemu<img loading=\"lazy\" decoding=\"async\" height=\"16\" width=\"16\" alt=\"\ud83d\udc4d\" src=\"https:\/\/static.xx.fbcdn.net\/images\/emoji.php\/v9\/tfc\/1\/16\/1f44d.png\"><img loading=\"lazy\" decoding=\"async\" height=\"16\" width=\"16\" alt=\"\ud83d\udc4d\" src=\"https:\/\/static.xx.fbcdn.net\/images\/emoji.php\/v9\/tfc\/1\/16\/1f44d.png\">.<\/p>\n<\/div>\n\n\n\n<div class=\"wp-block-themeisle-blocks-advanced-column\" id=\"wp-block-themeisle-blocks-advanced-column-264460a4\">\n<p class=\"has-text-align-left\"><style type=\"text\/css\" scoped>.rbs_gallery_69daba77ee3b4Spinner{\r\n\t\t\t\tmargin: 50px auto;\r\n\t\t\t\twidth: 50px;\r\n\t\t\t\theight: 40px;\r\n\t\t\t\ttext-align: center;\r\n\t\t\t\tfont-size: 10px;\r\n\t\t\t}\r\n\t\t\t.rbs_gallery_69daba77ee3b4Spinner > div{\r\n\t\t\t  background-color: #333;\r\n\t\t\t  height: 100%;\r\n\t\t\t  width: 6px;\r\n\t\t\t  display: inline-block;\r\n\t\t\t  -webkit-animation: rbs_gallery_69daba77ee3b4-stretchdelay 1.2s infinite ease-in-out;\r\n\t\t\t  animation: rbs_gallery_69daba77ee3b4-stretchdelay 1.2s infinite ease-in-out;\r\n\t\t\t}\r\n\t\t\t.rbs_gallery_69daba77ee3b4Spinner .rbs_gallery_69daba77ee3b4Rect2 {\r\n\t\t\t  -webkit-animation-delay: -1.1s;\r\n\t\t\t  animation-delay: -1.1s;\r\n\t\t\t}\r\n\t\t\t.rbs_gallery_69daba77ee3b4Spinner .rbs_gallery_69daba77ee3b4Rect3 {\r\n\t\t\t  -webkit-animation-delay: -1.0s;\r\n\t\t\t  animation-delay: -1.0s;\r\n\t\t\t}\r\n\t\t\t.rbs_gallery_69daba77ee3b4Spinner .rbs_gallery_69daba77ee3b4Rect4 {\r\n\t\t\t  -webkit-animation-delay: -0.9s;\r\n\t\t\t  animation-delay: -0.9s;\r\n\t\t\t}\r\n\t\t\t.rbs_gallery_69daba77ee3b4Spinner .rbs_gallery_69daba77ee3b4Rect5 {\r\n\t\t\t  -webkit-animation-delay: -0.8s;\r\n\t\t\t  animation-delay: -0.8s;\r\n\t\t\t}\r\n\t\t\t@-webkit-keyframes rbs_gallery_69daba77ee3b4-stretchdelay {\r\n\t\t\t  0%, 40%, 100% { -webkit-transform: scaleY(0.4) }  \r\n\t\t\t  20% { -webkit-transform: scaleY(1.0) }\r\n\t\t\t}\r\n\t\t\t@keyframes rbs_gallery_69daba77ee3b4-stretchdelay {\r\n\t\t\t  0%, 40%, 100% { \r\n\t\t\t    transform: scaleY(0.4);\r\n\t\t\t    -webkit-transform: scaleY(0.4);\r\n\t\t\t  }  20% { \r\n\t\t\t    transform: scaleY(1.0);\r\n\t\t\t    -webkit-transform: scaleY(1.0);\r\n\t\t\t  }\r\n\t\t\t}\r\n\t\t<\/style><div class=\"robo-gallery-wrap robo-gallery-wrap-id1093 robo-gallery-masonry\" ><div id=\"rbs_gallery_69daba77ee3b4-block-loader\" class=\"rbs_gallery_69daba77ee3b4Spinner\"><div class=\"rbs_gallery_69daba77ee3b4Rect1\"><\/div> <div class=\"rbs_gallery_69daba77ee3b4Rect2\"><\/div> <div class=\"rbs_gallery_69daba77ee3b4Rect3\"><\/div> <div class=\"rbs_gallery_69daba77ee3b4Rect4\"><\/div> <div class=\"rbs_gallery_69daba77ee3b4Rect5\"><\/div><\/div><div id=\"robo_gallery_main_block_rbs_gallery_69daba77ee3b4\" class=\"robogallery-gallery-1093\" style=\"width:100%;  display: none;\"><div id=\"rbs_gallery_69daba77ee3b4\" data-options=\"rbs_gallery_69daba77ee3b4\" style=\"width:100%;\" class=\"robo_gallery  \"><div class=\"rbs-img  category1093 tag_id0 \"  data-columns=\"1\" ><div class=\"rbs-img-image   rbs-lightbox \" ><div class=\"rbs-img-thumbs\"  data-thumbnail=\"https:\/\/skalnedziki.pl\/wp-content\/uploads\/2021\/10\/IMG_20200924_094213-600x1024.jpg\"  title=\"Pietra di Bismantova\"  data-width=\"600\"  data-height=\"1024\" ><\/div><div class=\"rbs-img-data-popup\"  data-popup=\"https:\/\/skalnedziki.pl\/wp-content\/uploads\/2021\/10\/IMG_20200924_094213-scaled.jpg\"  title=\"Pietra di Bismantova\"  data-alt=\"Pietra di Bismantova\" ><\/div><div class=\"thumbnail-overlay\"><div class=\"rbsIcons\"><i class=\"fa fa-plus rbsZoomIcon \" ><\/i><\/div><\/div><\/div><\/div><div class=\"rbs-img  category1093 tag_id0 \"  data-columns=\"1\" ><div class=\"rbs-img-image   rbs-lightbox \" ><div class=\"rbs-img-thumbs\"  data-thumbnail=\"https:\/\/skalnedziki.pl\/wp-content\/uploads\/2021\/10\/IMG_20200925_130618596_HDR-300x169.jpg\"  title=\"Pietra di Bismantova artystycznie\"  data-width=\"300\"  data-height=\"169\" ><\/div><div class=\"rbs-img-data-popup\"  data-popup=\"https:\/\/skalnedziki.pl\/wp-content\/uploads\/2021\/10\/IMG_20200925_130618596_HDR-scaled.jpg\"  title=\"Pietra di Bismantova artystycznie\"  data-alt=\"Pietra di Bismantova\" ><\/div><div class=\"thumbnail-overlay\"><div class=\"rbsIcons\"><i class=\"fa fa-plus rbsZoomIcon \" ><\/i><\/div><\/div><\/div><\/div><div class=\"rbs-img  category1093 tag_id0 \"  data-columns=\"1\" ><div class=\"rbs-img-image   rbs-lightbox \" ><div class=\"rbs-img-thumbs\"  data-thumbnail=\"https:\/\/skalnedziki.pl\/wp-content\/uploads\/2021\/10\/pietra-600x1024.jpg\"  title=\"Pietra di Bismantova\"  data-width=\"600\"  data-height=\"1024\" ><\/div><div class=\"rbs-img-data-popup\"  data-popup=\"https:\/\/skalnedziki.pl\/wp-content\/uploads\/2021\/10\/pietra.jpg\"  title=\"Pietra di Bismantova\"  data-alt=\"Pietra di Bismantova\" ><\/div><div class=\"thumbnail-overlay\"><div class=\"rbsIcons\"><i class=\"fa fa-plus rbsZoomIcon \" ><\/i><\/div><\/div><\/div><\/div><div class=\"rbs-img  category1093 tag_id0 \"  data-columns=\"1\" ><div class=\"rbs-img-image   rbs-lightbox \" ><div class=\"rbs-img-thumbs\"  data-thumbnail=\"https:\/\/skalnedziki.pl\/wp-content\/uploads\/2021\/10\/pietra2-600x1024.jpg\"  title=\"Pietra di Bismantova\"  data-width=\"600\"  data-height=\"1024\" ><\/div><div class=\"rbs-img-data-popup\"  data-popup=\"https:\/\/skalnedziki.pl\/wp-content\/uploads\/2021\/10\/pietra2-scaled.jpg\"  title=\"Pietra di Bismantova\"  data-alt=\"Pietra di Bismantova\" ><\/div><div class=\"thumbnail-overlay\"><div class=\"rbsIcons\"><i class=\"fa fa-plus rbsZoomIcon \" ><\/i><\/div><\/div><\/div><\/div><\/div><\/div><\/div><script>var rbs_gallery_69daba77ee3b4 = {\"version\":\"3.2.11\",\"id\":1093,\"class\":\"id1093\",\"roboGalleryDelay\":1000,\"mainContainer\":\"#robo_gallery_main_block_rbs_gallery_69daba77ee3b4\",\"loadingContainer\":\"#rbs_gallery_69daba77ee3b4-block-loader\",\"loadingContainerObj\":\"rbs_gallery_69daba77ee3b4-block-loader\",\"columnWidth\":\"auto\",\"columns\":3,\"resolutions\":[{\"columnWidth\":\"auto\",\"columns\":3,\"maxWidth\":960},{\"columnWidth\":\"auto\",\"columns\":2,\"maxWidth\":650},{\"columnWidth\":\"auto\",\"columns\":1,\"maxWidth\":450}],\"lightboxOptions\":{\"gallery\":{\"enabled\":true,\"tCounter\":\"%curr% of %total%\"}},\"overlayEffect\":\"direction-aware-fade\",\"boxesToLoadStart\":12,\"boxesToLoad\":8,\"waitUntilThumbLoads\":1,\"LoadingWord\":\"Loading...\",\"loadMoreWord\":\"Load More\",\"noMoreEntriesWord\":\"No More Entries\",\"horizontalSpaceBetweenBoxes\":15,\"verticalSpaceBetweenBoxes\":15,\"lazyLoad\":1,\"wrapContainer\":\"#robo-gallery-wrap-rbs_gallery_69daba77ee3b4\"};<\/script><\/p>\n<\/div>\n<\/div><\/section>\n\n\n\n<p><\/p>\n","protected":false},"excerpt":{"rendered":"","protected":false},"author":2,"featured_media":1095,"parent":0,"menu_order":0,"comment_status":"closed","ping_status":"closed","template":"page-templates\/template-fullwidth.php","meta":{"_themeisle_gutenberg_block_has_review":false,"footnotes":""},"class_list":["post-1100","page","type-page","status-publish","has-post-thumbnail","hentry"],"yoast_head":"<!-- This site is optimized with the Yoast SEO plugin v19.14 - https:\/\/yoast.com\/wordpress\/plugins\/seo\/ -->\n<title>Pietra di Bismantova - Skalne Dziki<\/title>\n<meta name=\"robots\" content=\"index, follow, max-snippet:-1, max-image-preview:large, max-video-preview:-1\" \/>\n<link rel=\"canonical\" href=\"https:\/\/skalnedziki.pl\/index.php\/pietra-di-bismantova\/\" \/>\n<meta property=\"og:locale\" content=\"pl_PL\" \/>\n<meta property=\"og:type\" content=\"article\" \/>\n<meta property=\"og:title\" content=\"Pietra di Bismantova - Skalne Dziki\" \/>\n<meta property=\"og:url\" content=\"https:\/\/skalnedziki.pl\/index.php\/pietra-di-bismantova\/\" \/>\n<meta property=\"og:site_name\" content=\"Skalne Dziki\" \/>\n<meta property=\"article:modified_time\" content=\"2021-10-01T12:09:42+00:00\" \/>\n<meta property=\"og:image\" content=\"https:\/\/skalnedziki.pl\/wp-content\/uploads\/2021\/10\/IMG_20200925_130618596_HDR-scaled.jpg\" \/>\n\t<meta property=\"og:image:width\" content=\"2560\" \/>\n\t<meta property=\"og:image:height\" content=\"1441\" \/>\n\t<meta property=\"og:image:type\" content=\"image\/jpeg\" \/>\n<meta name=\"twitter:card\" content=\"summary_large_image\" \/>\n<meta name=\"twitter:label1\" content=\"Szacowany czas czytania\" \/>\n\t<meta name=\"twitter:data1\" content=\"2 minuty\" \/>\n<script type=\"application\/ld+json\" class=\"yoast-schema-graph\">{\"@context\":\"https:\/\/schema.org\",\"@graph\":[{\"@type\":\"WebPage\",\"@id\":\"https:\/\/skalnedziki.pl\/index.php\/pietra-di-bismantova\/\",\"url\":\"https:\/\/skalnedziki.pl\/index.php\/pietra-di-bismantova\/\",\"name\":\"Pietra di Bismantova - Skalne Dziki\",\"isPartOf\":{\"@id\":\"https:\/\/skalnedziki.pl\/#website\"},\"datePublished\":\"2021-10-01T10:10:54+00:00\",\"dateModified\":\"2021-10-01T12:09:42+00:00\",\"breadcrumb\":{\"@id\":\"https:\/\/skalnedziki.pl\/index.php\/pietra-di-bismantova\/#breadcrumb\"},\"inLanguage\":\"pl-PL\",\"potentialAction\":[{\"@type\":\"ReadAction\",\"target\":[\"https:\/\/skalnedziki.pl\/index.php\/pietra-di-bismantova\/\"]}]},{\"@type\":\"BreadcrumbList\",\"@id\":\"https:\/\/skalnedziki.pl\/index.php\/pietra-di-bismantova\/#breadcrumb\",\"itemListElement\":[{\"@type\":\"ListItem\",\"position\":1,\"name\":\"Strona g\u0142\u00f3wna\",\"item\":\"https:\/\/skalnedziki.pl\/\"},{\"@type\":\"ListItem\",\"position\":2,\"name\":\"Pietra di Bismantova\"}]},{\"@type\":\"WebSite\",\"@id\":\"https:\/\/skalnedziki.pl\/#website\",\"url\":\"https:\/\/skalnedziki.pl\/\",\"name\":\"Skalne Dziki\",\"description\":\"Szko\u0142a Wspinaczki\",\"publisher\":{\"@id\":\"https:\/\/skalnedziki.pl\/#organization\"},\"potentialAction\":[{\"@type\":\"SearchAction\",\"target\":{\"@type\":\"EntryPoint\",\"urlTemplate\":\"https:\/\/skalnedziki.pl\/?s={search_term_string}\"},\"query-input\":\"required name=search_term_string\"}],\"inLanguage\":\"pl-PL\"},{\"@type\":\"Organization\",\"@id\":\"https:\/\/skalnedziki.pl\/#organization\",\"name\":\"Skalne Dziki\",\"url\":\"https:\/\/skalnedziki.pl\/\",\"logo\":{\"@type\":\"ImageObject\",\"inLanguage\":\"pl-PL\",\"@id\":\"https:\/\/skalnedziki.pl\/#\/schema\/logo\/image\/\",\"url\":\"https:\/\/skalnedziki.pl\/wp-content\/uploads\/2021\/11\/cropped-LOGO-2-bez-ramiki-i-napisu.jpg\",\"contentUrl\":\"https:\/\/skalnedziki.pl\/wp-content\/uploads\/2021\/11\/cropped-LOGO-2-bez-ramiki-i-napisu.jpg\",\"width\":1442,\"height\":1363,\"caption\":\"Skalne Dziki\"},\"image\":{\"@id\":\"https:\/\/skalnedziki.pl\/#\/schema\/logo\/image\/\"}}]}<\/script>\n<!-- \/ Yoast SEO plugin. -->","yoast_head_json":{"title":"Pietra di Bismantova - Skalne Dziki","robots":{"index":"index","follow":"follow","max-snippet":"max-snippet:-1","max-image-preview":"max-image-preview:large","max-video-preview":"max-video-preview:-1"},"canonical":"https:\/\/skalnedziki.pl\/index.php\/pietra-di-bismantova\/","og_locale":"pl_PL","og_type":"article","og_title":"Pietra di Bismantova - Skalne Dziki","og_url":"https:\/\/skalnedziki.pl\/index.php\/pietra-di-bismantova\/","og_site_name":"Skalne Dziki","article_modified_time":"2021-10-01T12:09:42+00:00","og_image":[{"width":2560,"height":1441,"url":"https:\/\/skalnedziki.pl\/wp-content\/uploads\/2021\/10\/IMG_20200925_130618596_HDR-scaled.jpg","type":"image\/jpeg"}],"twitter_card":"summary_large_image","twitter_misc":{"Szacowany czas czytania":"2 minuty"},"schema":{"@context":"https:\/\/schema.org","@graph":[{"@type":"WebPage","@id":"https:\/\/skalnedziki.pl\/index.php\/pietra-di-bismantova\/","url":"https:\/\/skalnedziki.pl\/index.php\/pietra-di-bismantova\/","name":"Pietra di Bismantova - Skalne Dziki","isPartOf":{"@id":"https:\/\/skalnedziki.pl\/#website"},"datePublished":"2021-10-01T10:10:54+00:00","dateModified":"2021-10-01T12:09:42+00:00","breadcrumb":{"@id":"https:\/\/skalnedziki.pl\/index.php\/pietra-di-bismantova\/#breadcrumb"},"inLanguage":"pl-PL","potentialAction":[{"@type":"ReadAction","target":["https:\/\/skalnedziki.pl\/index.php\/pietra-di-bismantova\/"]}]},{"@type":"BreadcrumbList","@id":"https:\/\/skalnedziki.pl\/index.php\/pietra-di-bismantova\/#breadcrumb","itemListElement":[{"@type":"ListItem","position":1,"name":"Strona g\u0142\u00f3wna","item":"https:\/\/skalnedziki.pl\/"},{"@type":"ListItem","position":2,"name":"Pietra di Bismantova"}]},{"@type":"WebSite","@id":"https:\/\/skalnedziki.pl\/#website","url":"https:\/\/skalnedziki.pl\/","name":"Skalne Dziki","description":"Szko\u0142a Wspinaczki","publisher":{"@id":"https:\/\/skalnedziki.pl\/#organization"},"potentialAction":[{"@type":"SearchAction","target":{"@type":"EntryPoint","urlTemplate":"https:\/\/skalnedziki.pl\/?s={search_term_string}"},"query-input":"required name=search_term_string"}],"inLanguage":"pl-PL"},{"@type":"Organization","@id":"https:\/\/skalnedziki.pl\/#organization","name":"Skalne Dziki","url":"https:\/\/skalnedziki.pl\/","logo":{"@type":"ImageObject","inLanguage":"pl-PL","@id":"https:\/\/skalnedziki.pl\/#\/schema\/logo\/image\/","url":"https:\/\/skalnedziki.pl\/wp-content\/uploads\/2021\/11\/cropped-LOGO-2-bez-ramiki-i-napisu.jpg","contentUrl":"https:\/\/skalnedziki.pl\/wp-content\/uploads\/2021\/11\/cropped-LOGO-2-bez-ramiki-i-napisu.jpg","width":1442,"height":1363,"caption":"Skalne Dziki"},"image":{"@id":"https:\/\/skalnedziki.pl\/#\/schema\/logo\/image\/"}}]}},"_links":{"self":[{"href":"https:\/\/skalnedziki.pl\/index.php\/wp-json\/wp\/v2\/pages\/1100","targetHints":{"allow":["GET"]}}],"collection":[{"href":"https:\/\/skalnedziki.pl\/index.php\/wp-json\/wp\/v2\/pages"}],"about":[{"href":"https:\/\/skalnedziki.pl\/index.php\/wp-json\/wp\/v2\/types\/page"}],"author":[{"embeddable":true,"href":"https:\/\/skalnedziki.pl\/index.php\/wp-json\/wp\/v2\/users\/2"}],"replies":[{"embeddable":true,"href":"https:\/\/skalnedziki.pl\/index.php\/wp-json\/wp\/v2\/comments?post=1100"}],"version-history":[{"count":2,"href":"https:\/\/skalnedziki.pl\/index.php\/wp-json\/wp\/v2\/pages\/1100\/revisions"}],"predecessor-version":[{"id":1102,"href":"https:\/\/skalnedziki.pl\/index.php\/wp-json\/wp\/v2\/pages\/1100\/revisions\/1102"}],"wp:featuredmedia":[{"embeddable":true,"href":"https:\/\/skalnedziki.pl\/index.php\/wp-json\/wp\/v2\/media\/1095"}],"wp:attachment":[{"href":"https:\/\/skalnedziki.pl\/index.php\/wp-json\/wp\/v2\/media?parent=1100"}],"curies":[{"name":"wp","href":"https:\/\/api.w.org\/{rel}","templated":true}]}}