{"id":1104,"date":"2021-10-01T12:19:00","date_gmt":"2021-10-01T10:19:00","guid":{"rendered":"https:\/\/skalnedziki.pl\/?page_id=1104"},"modified":"2021-10-01T14:02:30","modified_gmt":"2021-10-01T12:02:30","slug":"chulilla","status":"publish","type":"page","link":"https:\/\/skalnedziki.pl\/index.php\/chulilla\/","title":{"rendered":"Chulilla"},"content":{"rendered":"\n<section class=\"wp-block-themeisle-blocks-advanced-columns alignfull has-2-columns has-desktop-equal-layout has-tablet-equal-layout has-mobile-collapsedRows-layout has-default-gap has-vertical-flex-start\" id=\"wp-block-themeisle-blocks-advanced-columns-b1d4202f\"><div class=\"wp-block-themeisle-blocks-advanced-columns-overlay\"><\/div><div class=\"innerblocks-wrap\">\n<div class=\"wp-block-themeisle-blocks-advanced-column\" id=\"wp-block-themeisle-blocks-advanced-column-5b4dc470\">\n<p>Wspinanie zimowe ma te\u017c swoj\u0105 cieplejsz\u0105 stron\u0119<img loading=\"lazy\" decoding=\"async\" height=\"16\" width=\"16\" alt=\"\u2600\" src=\"https:\/\/static.xx.fbcdn.net\/images\/emoji.php\/v9\/t6d\/1\/16\/2600.png\"><img loading=\"lazy\" decoding=\"async\" height=\"16\" width=\"16\" alt=\"\ud83c\udf35\" src=\"https:\/\/static.xx.fbcdn.net\/images\/emoji.php\/v9\/t6d\/1\/16\/1f335.png\"><img loading=\"lazy\" decoding=\"async\" height=\"16\" width=\"16\" alt=\"\ud83e\uddd7\" src=\"https:\/\/static.xx.fbcdn.net\/images\/emoji.php\/v9\/t64\/1\/16\/1f9d7.png\"><img loading=\"lazy\" decoding=\"async\" height=\"16\" width=\"16\" alt=\"\ud83d\ude00\" src=\"https:\/\/static.xx.fbcdn.net\/images\/emoji.php\/v9\/tce\/1\/16\/1f600.png\"> <\/p>\n\n\n\n<p>Tym razem wypad\u0142o na Chulille w Hiszpanii. Drogi d\u0142ugie nie rzadko po 50 metr\u00f3w. Wspinanie ma charakter techniczno wytrzyma\u0142o\u015bciowy a do tego jest bardzo onsajtowe i w tym stylu uda\u0142o pokona\u0107 si\u0119 wiele dr\u00f3g do 7c. <\/p>\n\n\n\n<p>Kilka dni po\u015bwi\u0119ci\u0142em na projekcik niestety nie pyk\u0142o, no c\u00f3\u017c mo\u017ce jeszcze b\u0119dzie okazja \u017ceby wr\u00f3ci\u0107. Rejon polecam tym kt\u00f3rzy wspinaj\u0105 si\u0119 powy\u017cej 6c i lubi\u0105 d\u0142uuugie drogi a pojawiaj\u0105cy si\u0119 miejscami wy\u015blizg nie psuje im dobrego humoru <img loading=\"lazy\" decoding=\"async\" height=\"16\" width=\"16\" alt=\"\u263a\ufe0f\" src=\"https:\/\/static.xx.fbcdn.net\/images\/emoji.php\/v9\/tfb\/1\/16\/263a.png\">.<\/p>\n\n\n\n<p>Luty 2021.<\/p>\n<\/div>\n\n\n\n<div class=\"wp-block-themeisle-blocks-advanced-column\" id=\"wp-block-themeisle-blocks-advanced-column-e2754456\"><style type=\"text\/css\" scoped>.rbs_gallery_69d42aeb8108bSpinner{\r\n\t\t\t\tmargin: 50px auto;\r\n\t\t\t\twidth: 50px;\r\n\t\t\t\theight: 40px;\r\n\t\t\t\ttext-align: center;\r\n\t\t\t\tfont-size: 10px;\r\n\t\t\t}\r\n\t\t\t.rbs_gallery_69d42aeb8108bSpinner > div{\r\n\t\t\t  background-color: #333;\r\n\t\t\t  height: 100%;\r\n\t\t\t  width: 6px;\r\n\t\t\t  display: inline-block;\r\n\t\t\t  -webkit-animation: rbs_gallery_69d42aeb8108b-stretchdelay 1.2s infinite ease-in-out;\r\n\t\t\t  animation: rbs_gallery_69d42aeb8108b-stretchdelay 1.2s infinite ease-in-out;\r\n\t\t\t}\r\n\t\t\t.rbs_gallery_69d42aeb8108bSpinner .rbs_gallery_69d42aeb8108bRect2 {\r\n\t\t\t  -webkit-animation-delay: -1.1s;\r\n\t\t\t  animation-delay: -1.1s;\r\n\t\t\t}\r\n\t\t\t.rbs_gallery_69d42aeb8108bSpinner .rbs_gallery_69d42aeb8108bRect3 {\r\n\t\t\t  -webkit-animation-delay: -1.0s;\r\n\t\t\t  animation-delay: -1.0s;\r\n\t\t\t}\r\n\t\t\t.rbs_gallery_69d42aeb8108bSpinner .rbs_gallery_69d42aeb8108bRect4 {\r\n\t\t\t  -webkit-animation-delay: -0.9s;\r\n\t\t\t  animation-delay: -0.9s;\r\n\t\t\t}\r\n\t\t\t.rbs_gallery_69d42aeb8108bSpinner .rbs_gallery_69d42aeb8108bRect5 {\r\n\t\t\t  -webkit-animation-delay: -0.8s;\r\n\t\t\t  animation-delay: -0.8s;\r\n\t\t\t}\r\n\t\t\t@-webkit-keyframes rbs_gallery_69d42aeb8108b-stretchdelay {\r\n\t\t\t  0%, 40%, 100% { -webkit-transform: scaleY(0.4) }  \r\n\t\t\t  20% { -webkit-transform: scaleY(1.0) }\r\n\t\t\t}\r\n\t\t\t@keyframes rbs_gallery_69d42aeb8108b-stretchdelay {\r\n\t\t\t  0%, 40%, 100% { \r\n\t\t\t    transform: scaleY(0.4);\r\n\t\t\t    -webkit-transform: scaleY(0.4);\r\n\t\t\t  }  20% { \r\n\t\t\t    transform: scaleY(1.0);\r\n\t\t\t    -webkit-transform: scaleY(1.0);\r\n\t\t\t  }\r\n\t\t\t}\r\n\t\t<\/style><div class=\"robo-gallery-wrap robo-gallery-wrap-id1106 robo-gallery-masonry\" ><div id=\"rbs_gallery_69d42aeb8108b-block-loader\" class=\"rbs_gallery_69d42aeb8108bSpinner\"><div class=\"rbs_gallery_69d42aeb8108bRect1\"><\/div> <div class=\"rbs_gallery_69d42aeb8108bRect2\"><\/div> <div class=\"rbs_gallery_69d42aeb8108bRect3\"><\/div> <div class=\"rbs_gallery_69d42aeb8108bRect4\"><\/div> <div class=\"rbs_gallery_69d42aeb8108bRect5\"><\/div><\/div><div id=\"robo_gallery_main_block_rbs_gallery_69d42aeb8108b\" class=\"robogallery-gallery-1106\" style=\"width:100%;  display: none;\"><div id=\"rbs_gallery_69d42aeb8108b\" data-options=\"rbs_gallery_69d42aeb8108b\" style=\"width:100%;\" class=\"robo_gallery  \"><div class=\"rbs-img  category1106 tag_id0 \"  data-columns=\"1\" ><div class=\"rbs-img-image   rbs-lightbox \" ><div class=\"rbs-img-thumbs\"  data-thumbnail=\"https:\/\/skalnedziki.pl\/wp-content\/uploads\/2021\/10\/IMG_20210203_125753-600x1024.jpg\"  title=\"Chulilla\"  data-width=\"600\"  data-height=\"1024\" ><\/div><div class=\"rbs-img-data-popup\"  data-popup=\"https:\/\/skalnedziki.pl\/wp-content\/uploads\/2021\/10\/IMG_20210203_125753-scaled.jpg\"  title=\"Chulilla\"  data-alt=\"Chulilla\" ><\/div><div class=\"thumbnail-overlay\"><div class=\"rbsIcons\"><i class=\"fa fa-plus rbsZoomIcon \" ><\/i><\/div><\/div><\/div><\/div><div class=\"rbs-img  category1106 tag_id1 \"  data-columns=\"1\" ><div class=\"rbs-img-image   rbs-lightbox \" ><div class=\"rbs-img-thumbs\"  data-thumbnail=\"https:\/\/skalnedziki.pl\/wp-content\/uploads\/2021\/10\/IMG_20210208_153225-225x300.jpg\"  title=\"Chulilla Leniwy Czarek\"  data-width=\"225\"  data-height=\"300\" ><\/div><div class=\"rbs-img-data-popup\"  data-popup=\"https:\/\/skalnedziki.pl\/wp-content\/uploads\/2021\/10\/IMG_20210208_153225-scaled.jpg\"  title=\"Chulilla Leniwy Czarek\"  data-alt=\"Chulilla Leniwy Czarek\" ><\/div><div class=\"thumbnail-overlay\"><div class=\"rbsIcons\"><i class=\"fa fa-plus rbsZoomIcon \" ><\/i><\/div><\/div><\/div><\/div><div class=\"rbs-img  category1106 tag_id0 \"  data-columns=\"1\" ><div class=\"rbs-img-image   rbs-lightbox \" ><div class=\"rbs-img-thumbs\"  data-thumbnail=\"https:\/\/skalnedziki.pl\/wp-content\/uploads\/2021\/10\/IMG_20210208_165133-600x1024.jpg\"  title=\"Chulilla\"  data-width=\"600\"  data-height=\"1024\" ><\/div><div class=\"rbs-img-data-popup\"  data-popup=\"https:\/\/skalnedziki.pl\/wp-content\/uploads\/2021\/10\/IMG_20210208_165133-scaled.jpg\"  title=\"Chulilla\"  data-alt=\"Chulilla\" ><\/div><div class=\"thumbnail-overlay\"><div class=\"rbsIcons\"><i class=\"fa fa-plus rbsZoomIcon \" ><\/i><\/div><\/div><\/div><\/div><div class=\"rbs-img  category1106 tag_id0 \"  data-columns=\"1\" ><div class=\"rbs-img-image   rbs-lightbox \" ><div class=\"rbs-img-thumbs\"  data-thumbnail=\"https:\/\/skalnedziki.pl\/wp-content\/uploads\/2021\/10\/IMG_20210216_145946-600x1024.jpg\"  title=\"Chulilla\"  data-width=\"600\"  data-height=\"1024\" ><\/div><div class=\"rbs-img-data-popup\"  data-popup=\"https:\/\/skalnedziki.pl\/wp-content\/uploads\/2021\/10\/IMG_20210216_145946-scaled.jpg\"  title=\"Chulilla\"  data-alt=\"Chulilla\" ><\/div><div class=\"thumbnail-overlay\"><div class=\"rbsIcons\"><i class=\"fa fa-plus rbsZoomIcon \" ><\/i><\/div><\/div><\/div><\/div><div class=\"rbs-img  category1106 tag_id0 \"  data-columns=\"1\" ><div class=\"rbs-img-image   rbs-lightbox \" ><div class=\"rbs-img-thumbs\"  data-thumbnail=\"https:\/\/skalnedziki.pl\/wp-content\/uploads\/2021\/10\/IMG_20210216_150009-600x1024.jpg\"  title=\"Chulilla\"  data-width=\"600\"  data-height=\"1024\" ><\/div><div class=\"rbs-img-data-popup\"  data-popup=\"https:\/\/skalnedziki.pl\/wp-content\/uploads\/2021\/10\/IMG_20210216_150009-scaled.jpg\"  title=\"Chulilla\"  data-alt=\"Chulilla\" ><\/div><div class=\"thumbnail-overlay\"><div class=\"rbsIcons\"><i class=\"fa fa-plus rbsZoomIcon \" ><\/i><\/div><\/div><\/div><\/div><div class=\"rbs-img  category1106 tag_id2 \"  data-columns=\"1\" ><div class=\"rbs-img-image   rbs-lightbox \" ><div class=\"rbs-img-thumbs\"  data-thumbnail=\"https:\/\/skalnedziki.pl\/wp-content\/uploads\/2021\/10\/IMG-20210221-WA0014-600x1024.jpg\"  title=\"Chulilla Walencja\"  data-width=\"600\"  data-height=\"1024\" ><\/div><div class=\"rbs-img-data-popup\"  data-popup=\"https:\/\/skalnedziki.pl\/wp-content\/uploads\/2021\/10\/IMG-20210221-WA0014.jpg\"  title=\"Chulilla Walencja\"  data-alt=\"Chulilla Walencja\" ><\/div><div class=\"thumbnail-overlay\"><div class=\"rbsIcons\"><i class=\"fa fa-plus rbsZoomIcon \" ><\/i><\/div><\/div><\/div><\/div><div class=\"rbs-img  category1106 tag_id0 \"  data-columns=\"1\" ><div class=\"rbs-img-image   rbs-lightbox \" ><div class=\"rbs-img-thumbs\"  data-thumbnail=\"https:\/\/skalnedziki.pl\/wp-content\/uploads\/2021\/10\/IMG-20210221-WA0024-225x300.jpg\"  title=\"Chulilla\"  data-width=\"225\"  data-height=\"300\" ><\/div><div class=\"rbs-img-data-popup\"  data-popup=\"https:\/\/skalnedziki.pl\/wp-content\/uploads\/2021\/10\/IMG-20210221-WA0024.jpg\"  title=\"Chulilla\"  data-alt=\"Chulilla\" ><\/div><div class=\"thumbnail-overlay\"><div class=\"rbsIcons\"><i class=\"fa fa-plus rbsZoomIcon \" ><\/i><\/div><\/div><\/div><\/div><div class=\"rbs-img  category1106 tag_id0 \"  data-columns=\"1\" ><div class=\"rbs-img-image   rbs-lightbox \" ><div class=\"rbs-img-thumbs\"  data-thumbnail=\"https:\/\/skalnedziki.pl\/wp-content\/uploads\/2021\/10\/IMG-20210221-WA0030-600x911.jpg\"  title=\"Chulilla\"  data-width=\"600\"  data-height=\"911\" ><\/div><div class=\"rbs-img-data-popup\"  data-popup=\"https:\/\/skalnedziki.pl\/wp-content\/uploads\/2021\/10\/IMG-20210221-WA0030.jpg\"  title=\"Chulilla\"  data-alt=\"Chulilla\" ><\/div><div class=\"thumbnail-overlay\"><div class=\"rbsIcons\"><i class=\"fa fa-plus rbsZoomIcon \" ><\/i><\/div><\/div><\/div><\/div><\/div><\/div><\/div><script>var rbs_gallery_69d42aeb8108b = {\"version\":\"3.2.11\",\"id\":1106,\"class\":\"id1106\",\"roboGalleryDelay\":1000,\"mainContainer\":\"#robo_gallery_main_block_rbs_gallery_69d42aeb8108b\",\"loadingContainer\":\"#rbs_gallery_69d42aeb8108b-block-loader\",\"loadingContainerObj\":\"rbs_gallery_69d42aeb8108b-block-loader\",\"columnWidth\":\"auto\",\"columns\":3,\"resolutions\":[{\"columnWidth\":\"auto\",\"columns\":3,\"maxWidth\":960},{\"columnWidth\":\"auto\",\"columns\":2,\"maxWidth\":650},{\"columnWidth\":\"auto\",\"columns\":1,\"maxWidth\":450}],\"lightboxOptions\":{\"gallery\":{\"enabled\":true,\"tCounter\":\"%curr% of %total%\"}},\"overlayEffect\":\"direction-aware-fade\",\"boxesToLoadStart\":12,\"boxesToLoad\":8,\"waitUntilThumbLoads\":1,\"LoadingWord\":\"Loading...\",\"loadMoreWord\":\"Load More\",\"noMoreEntriesWord\":\"No More Entries\",\"horizontalSpaceBetweenBoxes\":15,\"verticalSpaceBetweenBoxes\":15,\"lazyLoad\":1,\"wrapContainer\":\"#robo-gallery-wrap-rbs_gallery_69d42aeb8108b\"};<\/script>\n<\/div>\n<\/div><\/section>\n\n\n\n<p><\/p>\n","protected":false},"excerpt":{"rendered":"","protected":false},"author":2,"featured_media":1108,"parent":0,"menu_order":0,"comment_status":"closed","ping_status":"closed","template":"page-templates\/template-fullwidth.php","meta":{"_themeisle_gutenberg_block_has_review":false,"footnotes":""},"class_list":["post-1104","page","type-page","status-publish","has-post-thumbnail","hentry"],"yoast_head":"<!-- This site is optimized with the Yoast SEO plugin v19.14 - https:\/\/yoast.com\/wordpress\/plugins\/seo\/ -->\n<title>Chulilla - Skalne Dziki<\/title>\n<meta name=\"robots\" content=\"index, follow, max-snippet:-1, max-image-preview:large, max-video-preview:-1\" \/>\n<link rel=\"canonical\" href=\"https:\/\/skalnedziki.pl\/index.php\/chulilla\/\" \/>\n<meta property=\"og:locale\" content=\"pl_PL\" \/>\n<meta property=\"og:type\" content=\"article\" \/>\n<meta property=\"og:title\" content=\"Chulilla - Skalne Dziki\" \/>\n<meta property=\"og:url\" content=\"https:\/\/skalnedziki.pl\/index.php\/chulilla\/\" \/>\n<meta property=\"og:site_name\" content=\"Skalne Dziki\" \/>\n<meta property=\"article:modified_time\" content=\"2021-10-01T12:02:30+00:00\" \/>\n<meta property=\"og:image\" content=\"https:\/\/skalnedziki.pl\/wp-content\/uploads\/2021\/10\/IMG_20210208_153225-scaled.jpg\" \/>\n\t<meta property=\"og:image:width\" content=\"1920\" \/>\n\t<meta property=\"og:image:height\" content=\"2560\" \/>\n\t<meta property=\"og:image:type\" content=\"image\/jpeg\" \/>\n<meta name=\"twitter:card\" content=\"summary_large_image\" \/>\n<meta name=\"twitter:label1\" content=\"Szacowany czas czytania\" \/>\n\t<meta name=\"twitter:data1\" content=\"2 minuty\" \/>\n<script type=\"application\/ld+json\" class=\"yoast-schema-graph\">{\"@context\":\"https:\/\/schema.org\",\"@graph\":[{\"@type\":\"WebPage\",\"@id\":\"https:\/\/skalnedziki.pl\/index.php\/chulilla\/\",\"url\":\"https:\/\/skalnedziki.pl\/index.php\/chulilla\/\",\"name\":\"Chulilla - Skalne Dziki\",\"isPartOf\":{\"@id\":\"https:\/\/skalnedziki.pl\/#website\"},\"datePublished\":\"2021-10-01T10:19:00+00:00\",\"dateModified\":\"2021-10-01T12:02:30+00:00\",\"breadcrumb\":{\"@id\":\"https:\/\/skalnedziki.pl\/index.php\/chulilla\/#breadcrumb\"},\"inLanguage\":\"pl-PL\",\"potentialAction\":[{\"@type\":\"ReadAction\",\"target\":[\"https:\/\/skalnedziki.pl\/index.php\/chulilla\/\"]}]},{\"@type\":\"BreadcrumbList\",\"@id\":\"https:\/\/skalnedziki.pl\/index.php\/chulilla\/#breadcrumb\",\"itemListElement\":[{\"@type\":\"ListItem\",\"position\":1,\"name\":\"Strona g\u0142\u00f3wna\",\"item\":\"https:\/\/skalnedziki.pl\/\"},{\"@type\":\"ListItem\",\"position\":2,\"name\":\"Chulilla\"}]},{\"@type\":\"WebSite\",\"@id\":\"https:\/\/skalnedziki.pl\/#website\",\"url\":\"https:\/\/skalnedziki.pl\/\",\"name\":\"Skalne Dziki\",\"description\":\"Szko\u0142a Wspinaczki\",\"publisher\":{\"@id\":\"https:\/\/skalnedziki.pl\/#organization\"},\"potentialAction\":[{\"@type\":\"SearchAction\",\"target\":{\"@type\":\"EntryPoint\",\"urlTemplate\":\"https:\/\/skalnedziki.pl\/?s={search_term_string}\"},\"query-input\":\"required name=search_term_string\"}],\"inLanguage\":\"pl-PL\"},{\"@type\":\"Organization\",\"@id\":\"https:\/\/skalnedziki.pl\/#organization\",\"name\":\"Skalne Dziki\",\"url\":\"https:\/\/skalnedziki.pl\/\",\"logo\":{\"@type\":\"ImageObject\",\"inLanguage\":\"pl-PL\",\"@id\":\"https:\/\/skalnedziki.pl\/#\/schema\/logo\/image\/\",\"url\":\"https:\/\/skalnedziki.pl\/wp-content\/uploads\/2021\/11\/cropped-LOGO-2-bez-ramiki-i-napisu.jpg\",\"contentUrl\":\"https:\/\/skalnedziki.pl\/wp-content\/uploads\/2021\/11\/cropped-LOGO-2-bez-ramiki-i-napisu.jpg\",\"width\":1442,\"height\":1363,\"caption\":\"Skalne Dziki\"},\"image\":{\"@id\":\"https:\/\/skalnedziki.pl\/#\/schema\/logo\/image\/\"}}]}<\/script>\n<!-- \/ Yoast SEO plugin. -->","yoast_head_json":{"title":"Chulilla - Skalne Dziki","robots":{"index":"index","follow":"follow","max-snippet":"max-snippet:-1","max-image-preview":"max-image-preview:large","max-video-preview":"max-video-preview:-1"},"canonical":"https:\/\/skalnedziki.pl\/index.php\/chulilla\/","og_locale":"pl_PL","og_type":"article","og_title":"Chulilla - Skalne Dziki","og_url":"https:\/\/skalnedziki.pl\/index.php\/chulilla\/","og_site_name":"Skalne Dziki","article_modified_time":"2021-10-01T12:02:30+00:00","og_image":[{"width":1920,"height":2560,"url":"https:\/\/skalnedziki.pl\/wp-content\/uploads\/2021\/10\/IMG_20210208_153225-scaled.jpg","type":"image\/jpeg"}],"twitter_card":"summary_large_image","twitter_misc":{"Szacowany czas czytania":"2 minuty"},"schema":{"@context":"https:\/\/schema.org","@graph":[{"@type":"WebPage","@id":"https:\/\/skalnedziki.pl\/index.php\/chulilla\/","url":"https:\/\/skalnedziki.pl\/index.php\/chulilla\/","name":"Chulilla - Skalne Dziki","isPartOf":{"@id":"https:\/\/skalnedziki.pl\/#website"},"datePublished":"2021-10-01T10:19:00+00:00","dateModified":"2021-10-01T12:02:30+00:00","breadcrumb":{"@id":"https:\/\/skalnedziki.pl\/index.php\/chulilla\/#breadcrumb"},"inLanguage":"pl-PL","potentialAction":[{"@type":"ReadAction","target":["https:\/\/skalnedziki.pl\/index.php\/chulilla\/"]}]},{"@type":"BreadcrumbList","@id":"https:\/\/skalnedziki.pl\/index.php\/chulilla\/#breadcrumb","itemListElement":[{"@type":"ListItem","position":1,"name":"Strona g\u0142\u00f3wna","item":"https:\/\/skalnedziki.pl\/"},{"@type":"ListItem","position":2,"name":"Chulilla"}]},{"@type":"WebSite","@id":"https:\/\/skalnedziki.pl\/#website","url":"https:\/\/skalnedziki.pl\/","name":"Skalne Dziki","description":"Szko\u0142a Wspinaczki","publisher":{"@id":"https:\/\/skalnedziki.pl\/#organization"},"potentialAction":[{"@type":"SearchAction","target":{"@type":"EntryPoint","urlTemplate":"https:\/\/skalnedziki.pl\/?s={search_term_string}"},"query-input":"required name=search_term_string"}],"inLanguage":"pl-PL"},{"@type":"Organization","@id":"https:\/\/skalnedziki.pl\/#organization","name":"Skalne Dziki","url":"https:\/\/skalnedziki.pl\/","logo":{"@type":"ImageObject","inLanguage":"pl-PL","@id":"https:\/\/skalnedziki.pl\/#\/schema\/logo\/image\/","url":"https:\/\/skalnedziki.pl\/wp-content\/uploads\/2021\/11\/cropped-LOGO-2-bez-ramiki-i-napisu.jpg","contentUrl":"https:\/\/skalnedziki.pl\/wp-content\/uploads\/2021\/11\/cropped-LOGO-2-bez-ramiki-i-napisu.jpg","width":1442,"height":1363,"caption":"Skalne Dziki"},"image":{"@id":"https:\/\/skalnedziki.pl\/#\/schema\/logo\/image\/"}}]}},"_links":{"self":[{"href":"https:\/\/skalnedziki.pl\/index.php\/wp-json\/wp\/v2\/pages\/1104","targetHints":{"allow":["GET"]}}],"collection":[{"href":"https:\/\/skalnedziki.pl\/index.php\/wp-json\/wp\/v2\/pages"}],"about":[{"href":"https:\/\/skalnedziki.pl\/index.php\/wp-json\/wp\/v2\/types\/page"}],"author":[{"embeddable":true,"href":"https:\/\/skalnedziki.pl\/index.php\/wp-json\/wp\/v2\/users\/2"}],"replies":[{"embeddable":true,"href":"https:\/\/skalnedziki.pl\/index.php\/wp-json\/wp\/v2\/comments?post=1104"}],"version-history":[{"count":4,"href":"https:\/\/skalnedziki.pl\/index.php\/wp-json\/wp\/v2\/pages\/1104\/revisions"}],"predecessor-version":[{"id":1122,"href":"https:\/\/skalnedziki.pl\/index.php\/wp-json\/wp\/v2\/pages\/1104\/revisions\/1122"}],"wp:featuredmedia":[{"embeddable":true,"href":"https:\/\/skalnedziki.pl\/index.php\/wp-json\/wp\/v2\/media\/1108"}],"wp:attachment":[{"href":"https:\/\/skalnedziki.pl\/index.php\/wp-json\/wp\/v2\/media?parent=1104"}],"curies":[{"name":"wp","href":"https:\/\/api.w.org\/{rel}","templated":true}]}}