{"id":1346,"date":"2022-01-20T13:24:21","date_gmt":"2022-01-20T12:24:21","guid":{"rendered":"https:\/\/skalnedziki.pl\/?page_id=1346"},"modified":"2023-08-04T15:24:55","modified_gmt":"2023-08-04T13:24:55","slug":"obozy-wspinaczkowe","status":"publish","type":"page","link":"https:\/\/skalnedziki.pl\/index.php\/obozy-wspinaczkowe\/","title":{"rendered":"Obozy wspinaczkowe"},"content":{"rendered":"\n<h1 class=\"wp-block-heading\">Turcja 2023 &#8211; Geyikbayiri<\/h1>\n\n\n\n<h1 class=\"wp-block-heading\">Sycylia 2023 &#8211; San Vito lo Capo <\/h1>\n\n\n\n<div class=\"wp-block-columns alignwide is-layout-flex wp-container-core-columns-is-layout-9d6595d7 wp-block-columns-is-layout-flex\">\n<div class=\"wp-block-column is-layout-flow wp-block-column-is-layout-flow\" style=\"flex-basis:100%\">\n<div class=\"wp-block-columns is-layout-flex wp-container-core-columns-is-layout-9d6595d7 wp-block-columns-is-layout-flex\">\n<div class=\"wp-block-column is-layout-flow wp-block-column-is-layout-flow\">\n<div class=\"wp-block-columns is-layout-flex wp-container-core-columns-is-layout-9d6595d7 wp-block-columns-is-layout-flex\">\n<div class=\"wp-block-column is-layout-flow wp-block-column-is-layout-flow\">\n<figure class=\"wp-block-gallery has-nested-images columns-default is-cropped wp-block-gallery-1 is-layout-flex wp-block-gallery-is-layout-flex\">\n<figure class=\"wp-block-image size-large\"><img loading=\"lazy\" decoding=\"async\" width=\"576\" height=\"1024\" data-id=\"1359\" src=\"https:\/\/skalnedziki.pl\/wp-content\/uploads\/2022\/01\/6-1-576x1024.jpg\" alt=\"\" class=\"wp-image-1359\" srcset=\"https:\/\/skalnedziki.pl\/wp-content\/uploads\/2022\/01\/6-1-576x1024.jpg 576w, https:\/\/skalnedziki.pl\/wp-content\/uploads\/2022\/01\/6-1-169x300.jpg 169w, https:\/\/skalnedziki.pl\/wp-content\/uploads\/2022\/01\/6-1.jpg 675w\" sizes=\"auto, (max-width: 576px) 100vw, 576px\" \/><\/figure>\n\n\n\n<figure class=\"wp-block-image size-large\"><img loading=\"lazy\" decoding=\"async\" width=\"576\" height=\"1024\" data-id=\"1358\" src=\"https:\/\/skalnedziki.pl\/wp-content\/uploads\/2022\/01\/4-576x1024.jpg\" alt=\"\" class=\"wp-image-1358\" srcset=\"https:\/\/skalnedziki.pl\/wp-content\/uploads\/2022\/01\/4-576x1024.jpg 576w, https:\/\/skalnedziki.pl\/wp-content\/uploads\/2022\/01\/4-169x300.jpg 169w, https:\/\/skalnedziki.pl\/wp-content\/uploads\/2022\/01\/4-768x1365.jpg 768w, https:\/\/skalnedziki.pl\/wp-content\/uploads\/2022\/01\/4-864x1536.jpg 864w, https:\/\/skalnedziki.pl\/wp-content\/uploads\/2022\/01\/4-1152x2048.jpg 1152w, https:\/\/skalnedziki.pl\/wp-content\/uploads\/2022\/01\/4-scaled.jpg 1440w\" sizes=\"auto, (max-width: 576px) 100vw, 576px\" \/><\/figure>\n\n\n\n<figure class=\"wp-block-image size-large\"><img loading=\"lazy\" decoding=\"async\" width=\"576\" height=\"1024\" data-id=\"1357\" src=\"https:\/\/skalnedziki.pl\/wp-content\/uploads\/2022\/01\/5-576x1024.jpg\" alt=\"\" class=\"wp-image-1357\" srcset=\"https:\/\/skalnedziki.pl\/wp-content\/uploads\/2022\/01\/5-576x1024.jpg 576w, https:\/\/skalnedziki.pl\/wp-content\/uploads\/2022\/01\/5-169x300.jpg 169w, https:\/\/skalnedziki.pl\/wp-content\/uploads\/2022\/01\/5-768x1365.jpg 768w, https:\/\/skalnedziki.pl\/wp-content\/uploads\/2022\/01\/5-864x1536.jpg 864w, https:\/\/skalnedziki.pl\/wp-content\/uploads\/2022\/01\/5-1152x2048.jpg 1152w, https:\/\/skalnedziki.pl\/wp-content\/uploads\/2022\/01\/5-scaled.jpg 1440w\" sizes=\"auto, (max-width: 576px) 100vw, 576px\" \/><\/figure>\n\n\n\n<figure class=\"wp-block-image size-large\"><img loading=\"lazy\" decoding=\"async\" width=\"576\" height=\"1024\" data-id=\"1356\" src=\"https:\/\/skalnedziki.pl\/wp-content\/uploads\/2022\/01\/1-1-576x1024.jpg\" alt=\"\" class=\"wp-image-1356\" srcset=\"https:\/\/skalnedziki.pl\/wp-content\/uploads\/2022\/01\/1-1-576x1024.jpg 576w, https:\/\/skalnedziki.pl\/wp-content\/uploads\/2022\/01\/1-1-169x300.jpg 169w, https:\/\/skalnedziki.pl\/wp-content\/uploads\/2022\/01\/1-1-768x1366.jpg 768w, https:\/\/skalnedziki.pl\/wp-content\/uploads\/2022\/01\/1-1-864x1536.jpg 864w, https:\/\/skalnedziki.pl\/wp-content\/uploads\/2022\/01\/1-1-1152x2048.jpg 1152w, https:\/\/skalnedziki.pl\/wp-content\/uploads\/2022\/01\/1-1-scaled.jpg 1440w\" sizes=\"auto, (max-width: 576px) 100vw, 576px\" \/><\/figure>\n<\/figure>\n<\/div>\n\n\n\n<div class=\"wp-block-column is-layout-flow wp-block-column-is-layout-flow\">\n<div id=\"wp-block-themeisle-blocks-font-awesome-icons-9ffd9023\" class=\"wp-block-themeisle-blocks-font-awesome-icons\"><span class=\"wp-block-themeisle-blocks-font-awesome-icons-container\"><i class=\"fas fa-user-friends\"><\/i><\/span><\/div>\n\n\n\n<h3 class=\"wp-block-heading has-text-align-left\">Dla Kogo ?<\/h3>\n\n\n\n<p>Je\u015bli&nbsp;Chcesz si\u0119 przenie\u015b\u0107&nbsp;w ciep\u0142e kraje i powspina\u0107 po wygrzanej w s\u0142o\u0144cu skale to zapraszam na Sycylie&nbsp;do San Vito lo Capo. Obozy przeznaczone s\u0105 dla ka\u017cdego&nbsp;niezale\u017cnie od poziomu wspinaczkowego. Mo\u017cesz&nbsp;by\u0107 osob\u0105 pocz\u0105tkuj\u0105c\u0105 lub bardziej zaawansowan\u0105, tamtejsza ska\u0142a daje mo\u017cliwo\u015b\u0107 wykazania si\u0119 jednym i drugim :).<\/p>\n\n\n\n<div id=\"wp-block-themeisle-blocks-font-awesome-icons-f08dee79\" class=\"wp-block-themeisle-blocks-font-awesome-icons\"><span class=\"wp-block-themeisle-blocks-font-awesome-icons-container\"><i class=\"fas fa-sign-language\"><\/i><\/span><\/div>\n\n\n\n<h3 class=\"wp-block-heading has-text-align-left\">Co bedziemy robi\u0107 ? <\/h3>\n\n\n\n<p>G\u0142\u00f3wnie b\u0119dziemy&nbsp;si\u0119 wspina\u0107. Popracujemy nad technik\u0105&nbsp;wspinania, wytrzyma\u0142o\u015bci\u0105 i si\u0142\u0105. Skupimy si\u0119 na wspinaniu os, czyli jedna pr\u00f3ba i idziemy dalej, tak&nbsp;\u017ceby odwiedzi\u0107 jak&nbsp;najwi\u0119cej sektor\u00f3w. B\u0119dzie te\u017c czas na trudniejsze&nbsp;drogi, czyli wspinanie Rp, \u017ceby przekona\u0107 si\u0119, gdzie s\u0105 twoje wspinaczkowe granice. Mo\u017ce uda si\u0119 zrobi\u0107 \u017cyciowy wynik :). W tak zwanym mi\u0119dzyczasie przeprowadzimy warsztaty wspinaczkowe. Dowiesz si\u0119, co zrobi\u0107 jak mamy za kr\u00f3tk\u0105 lin\u0119 w trakcie&nbsp;opuszczania partnera, jak si\u0119 wycofa\u0107, gdy nie mo\u017cemy przej\u015b\u0107 drogi, jak zjecha\u0107&nbsp;gdy nasze stanowisko nie budzi zaufania itp. Dla ch\u0119tnych&nbsp;mo\u017cemy&nbsp;powt\u00f3rzy\u0107 niekt\u00f3re elementy z kursu wspinaczkowego.Je\u015bli jeste\u015b osob\u0105&nbsp;pocz\u0105tkuj\u0105c\u0105&nbsp; to nauczysz si\u0119 podstaw asekuracji i postawisz swoje pierwsze&nbsp;kroki we wspinaczkowym \u015bwiecie.<\/p>\n\n\n\n<div id=\"wp-block-themeisle-blocks-font-awesome-icons-1947320d\" class=\"wp-block-themeisle-blocks-font-awesome-icons\"><span class=\"wp-block-themeisle-blocks-font-awesome-icons-container\"><i class=\"far fa-lightbulb\"><\/i><\/span><\/div>\n\n\n\n<h3 class=\"wp-block-heading has-text-align-left\">Czego si\u0119 nauczysz ?<\/h3>\n\n\n\n<p>W przerwach miedzy wspinaniem prowadz\u0119 warsztaty wspinaczkowe. Dowiesz si\u0119, co zrobi\u0107 jak mamy za kr\u00f3tk\u0105 lin\u0119 w trakcie&nbsp;opuszczania partnera, jak si\u0119 wycofa\u0107, gdy nie mo\u017cemy przej\u015b\u0107 drogi, jak zjecha\u0107&nbsp;gdy nasze stanowisko nie budzi zaufania itp. Dla ch\u0119tnych&nbsp;mo\u017cemy&nbsp;powt\u00f3rzy\u0107 niekt\u00f3re elementy z kursu wspinaczkowego.<\/p>\n\n\n\n<p>Je\u015bli jeste\u015b osob\u0105&nbsp;pocz\u0105tkuj\u0105c\u0105&nbsp; to nauczysz si\u0119 podstaw asekuracji i postawisz swoje pierwsze&nbsp;kroki we wspinaczkowym \u015bwiecie pod okiem Instruktora. <\/p>\n<\/div>\n<\/div>\n\n\n\n<div id=\"wp-block-themeisle-blocks-font-awesome-icons-a9dd9875\" class=\"wp-block-themeisle-blocks-font-awesome-icons\"><span class=\"wp-block-themeisle-blocks-font-awesome-icons-container\"><i class=\"far fa-calendar-alt\"><\/i><\/span><\/div>\n\n\n\n<h3 class=\"wp-block-heading has-text-align-left\">Terminy i ceny 2023<\/h3>\n\n\n\n<p> TURCJA,  4-11.02.2023,  koszt 1750 z\u0142 <\/p>\n\n\n\n<p> SYCYLIA,  17-24.03.2023,  koszt 1750 z\u0142 <\/p>\n\n\n\n<div id=\"wp-block-themeisle-blocks-font-awesome-icons-bf175533\" class=\"wp-block-themeisle-blocks-font-awesome-icons\"><span class=\"wp-block-themeisle-blocks-font-awesome-icons-container\"><i class=\"fas fa-tasks\"><\/i><\/span><\/div>\n\n\n\n<h3 class=\"wp-block-heading has-text-align-left\">Plan obozu<\/h3>\n\n\n\n<p>Zaj\u0119cia&nbsp;na obozie trwaj\u0105 zazwyczaj od 9.00 do 16.00.<\/p>\n\n\n\n<p>Dzie\u0144&nbsp;1 Przylot na miejsce w godzinach wieczornych, zakwaterowanie.<br>Dzie\u0144 2 Wspinanie<br>Dzie\u0144 3 Wspinanie<br>Dzie\u0144 4 Wspinanie<br>Dzie\u0144 5 Dzie\u0144 odpoczynkowy<br>Dzie\u0144 6 Wspinanie<br>Dzie\u0144 7 Wspinanie<br>Dzie\u0144 8 Wspinanie i wylot&nbsp;w godzinach popo\u0142udniowych.<\/p>\n\n\n\n<div id=\"wp-block-themeisle-blocks-font-awesome-icons-3e5790ec\" class=\"wp-block-themeisle-blocks-font-awesome-icons\"><span class=\"wp-block-themeisle-blocks-font-awesome-icons-container\"><i class=\"fas fa-house-user\"><\/i><\/span><\/div>\n\n\n\n<h3 class=\"wp-block-heading has-text-align-left\">Zakwaterowanie<\/h3>\n\n\n\n<p>SYCYLIA<\/p>\n\n\n\n<p>\u015apimy na<a href=\"https:\/\/www.elbahira.it\/?gclid=Cj0KCQiAraSPBhDuARIsAM3Js4qJbraLv3d4BkfDSPvnv4EX_NMEKLd1382sTCnK0U7ejAmpZq_pOR0aAkdEEALw_wcB\">&nbsp;Campingu&nbsp;El Bahira<\/a>&nbsp;w 4 osobowych domkach nad samym morzem, warunki turystyczne. W domku jest kuchenka, prysznic i ubikacja, zobacz&nbsp;<a href=\"https:\/\/www.elbahira.it\/case-mobili.php\" target=\"_blank\" rel=\"noreferrer noopener\">tutaj<\/a>. Koszt oko\u0142o 11 Euro za dob\u0119 (przy 4 osobach). Jest te\u017c mo\u017cliwo\u015b\u0107 wynaj\u0119cia&nbsp;nieco wi\u0119kszego&nbsp;domku, zobacz&nbsp;<a href=\"https:\/\/www.elbahira.it\/appartamenti.php\" target=\"_blank\" rel=\"noreferrer noopener\">tutaj&nbsp;<\/a>koszt 14 Euro za dob\u0119 (przy 4 osobach).<\/p>\n\n\n\n<p>TURCJA<\/p>\n\n\n\n<p>\u015apimy na campingu&nbsp;<a href=\"https:\/\/www.josito.de\/\" target=\"_blank\" rel=\"noreferrer noopener\">Josito<\/a>&nbsp;w 2-4 osobowych domkach, warunki turystyczne. Na terenie campingu jest dost\u0119pna kuchnia, prysznic i ubikacja. Koszt oko\u0142o 12-18 Euro za dob\u0119\/osob\u0119 w zale\u017cno\u015bci od standardu domku, warunki zakwaterowania mo\u017cna sprawdzi\u0107&nbsp;<a href=\"https:\/\/www.josito.de\/bungalows\" target=\"_blank\" rel=\"noreferrer noopener\">tutaj<\/a>. Jest te\u017c mo\u017cliwo\u015b\u0107 spania w namiocie 7.5 euro doba\/osoba.<\/p>\n\n\n\n<div id=\"wp-block-themeisle-blocks-font-awesome-icons-17c4b416\" class=\"wp-block-themeisle-blocks-font-awesome-icons\"><span class=\"wp-block-themeisle-blocks-font-awesome-icons-container\"><i class=\"far fa-money-bill-alt\"><\/i><\/span><\/div>\n\n\n\n<h3 class=\"wp-block-heading\">Koszt Obozu 1750 z\u0142.&nbsp;<\/h3>\n\n\n\n<p>Zawiera:<\/p>\n\n\n\n<ul class=\"wp-block-list\">\n<li>Opiek\u0119 instruktora PZA<\/li>\n\n\n\n<li>Sprz\u0119t&nbsp;wspinaczkowy z wyj\u0105tkiem but\u00f3w wspinaczkowych<\/li>\n\n\n\n<li>Szkolenia i warsztaty<\/li>\n<\/ul>\n\n\n\n<p>Nie zawiera:<\/p>\n\n\n\n<ul class=\"wp-block-list\">\n<li>Transportu (przelot samolotem)<\/li>\n\n\n\n<li>Zakwaterowania (oko\u0142o 12 Euro za dob\u0119 za osob\u0119)<\/li>\n\n\n\n<li>Wy\u017cywienia<\/li>\n\n\n\n<li>Ubezpieczenia, sugeruj\u0119&nbsp;<a href=\"https:\/\/bezpiecznypowrot.pl\/\" target=\"_blank\" rel=\"noreferrer noopener\">Bezpieczny Powr\u00f3t<\/a>&nbsp;lub&nbsp;<a href=\"https:\/\/www.alpenverein.pl\/polska\" target=\"_blank\" rel=\"noreferrer noopener\">Alpenverein<\/a><\/li>\n<\/ul>\n\n\n\n<p>W razie braku odpowiedniej ilo\u015bci os\u00f3b lub problem\u00f3w&nbsp;zwi\u0105zanych z pandemi\u0105, zwracam koszty zaliczki. <\/p>\n\n\n\n<div id=\"wp-block-themeisle-blocks-font-awesome-icons-69ff265d\" class=\"wp-block-themeisle-blocks-font-awesome-icons\"><span class=\"wp-block-themeisle-blocks-font-awesome-icons-container\"><i class=\"fas fa-edit\"><\/i><\/span><\/div>\n\n\n\n<h3 class=\"wp-block-heading has-text-align-left\">Jak si\u0119 zapisa\u0107 <\/h3>\n\n\n\n<p>Chcesz si\u0119 zg\u0142osi\u0107, napisz maila na adres&nbsp;<a href=\"mailto:skalnedzik@gmail.com\" target=\"_blank\" rel=\"noreferrer noopener\">skalnedziki@gmail.com<\/a>. Jak zbierze si\u0119 grupa min. 6 osobowa odpalamy turnus. <\/p>\n\n\n\n<p>Do 15 grudnia 2022 czekam na zg\u0142oszenia i zaliczki 500z\u0142&nbsp;<a href=\"https:\/\/skalnedziki.pl\/index.php\/kontakt-2\/\" target=\"_blank\" rel=\"noreferrer noopener\">nr konta<\/a>. Wtedy prze\u015ble wam informacje i kupicie bilety. <\/p>\n\n\n\n<p><\/p>\n\n\n\n<p><\/p>\n\n\n\n<div id=\"wp-block-themeisle-blocks-advanced-columns-742e2fa8\" class=\"wp-block-themeisle-blocks-advanced-columns has-1-columns has-desktop-equal-layout has-tablet-equal-layout has-mobile-equal-layout has-vertical-unset has-default-gap\"><div class=\"wp-block-themeisle-blocks-advanced-columns-overlay\"><\/div><div class=\"innerblocks-wrap\">\n<div id=\"wp-block-themeisle-blocks-advanced-column-670d7646\" class=\"wp-block-themeisle-blocks-advanced-column\"><\/div>\n<\/div><\/div>\n<\/div>\n<\/div>\n<\/div>\n<\/div>\n\n\n\n<p><\/p>\n","protected":false},"excerpt":{"rendered":"<p>Turcja 2023 &#8211; Geyikbayiri Sycylia 2023 &#8211; San Vito lo Capo Dla Kogo ? Je\u015bli&nbsp;Chcesz si\u0119 przenie\u015b\u0107&nbsp;w ciep\u0142e kraje i powspina\u0107 po wygrzanej w s\u0142o\u0144cu skale to zapraszam na Sycylie&nbsp;do San Vito lo Capo. Obozy przeznaczone s\u0105 dla ka\u017cdego&nbsp;niezale\u017cnie od poziomu wspinaczkowego. Mo\u017cesz&nbsp;by\u0107 osob\u0105 pocz\u0105tkuj\u0105c\u0105 lub bardziej zaawansowan\u0105, tamtejsza ska\u0142a [&hellip;]<\/p>\n","protected":false},"author":2,"featured_media":1360,"parent":0,"menu_order":0,"comment_status":"closed","ping_status":"closed","template":"","meta":{"_themeisle_gutenberg_block_has_review":false,"footnotes":""},"class_list":["post-1346","page","type-page","status-publish","has-post-thumbnail","hentry"],"yoast_head":"<!-- This site is optimized with the Yoast SEO plugin v19.14 - https:\/\/yoast.com\/wordpress\/plugins\/seo\/ -->\n<title>Obozy wspinaczkowe - Skalne Dziki<\/title>\n<meta name=\"robots\" content=\"index, follow, max-snippet:-1, max-image-preview:large, max-video-preview:-1\" \/>\n<link rel=\"canonical\" href=\"https:\/\/skalnedziki.pl\/index.php\/obozy-wspinaczkowe\/\" \/>\n<meta property=\"og:locale\" content=\"pl_PL\" \/>\n<meta property=\"og:type\" content=\"article\" \/>\n<meta property=\"og:title\" content=\"Obozy wspinaczkowe - Skalne Dziki\" \/>\n<meta property=\"og:description\" content=\"Turcja 2023 &#8211; Geyikbayiri Sycylia 2023 &#8211; San Vito lo Capo Dla Kogo ? Je\u015bli&nbsp;Chcesz si\u0119 przenie\u015b\u0107&nbsp;w ciep\u0142e kraje i powspina\u0107 po wygrzanej w s\u0142o\u0144cu skale to zapraszam na Sycylie&nbsp;do San Vito lo Capo. Obozy przeznaczone s\u0105 dla ka\u017cdego&nbsp;niezale\u017cnie od poziomu wspinaczkowego. Mo\u017cesz&nbsp;by\u0107 osob\u0105 pocz\u0105tkuj\u0105c\u0105 lub bardziej zaawansowan\u0105, tamtejsza ska\u0142a [&hellip;]\" \/>\n<meta property=\"og:url\" content=\"https:\/\/skalnedziki.pl\/index.php\/obozy-wspinaczkowe\/\" \/>\n<meta property=\"og:site_name\" content=\"Skalne Dziki\" \/>\n<meta property=\"article:modified_time\" content=\"2023-08-04T13:24:55+00:00\" \/>\n<meta property=\"og:image\" content=\"https:\/\/skalnedziki.pl\/wp-content\/uploads\/2022\/01\/IMG-20211206-WA0033.jpg\" \/>\n\t<meta property=\"og:image:width\" content=\"1600\" \/>\n\t<meta property=\"og:image:height\" content=\"1200\" \/>\n\t<meta property=\"og:image:type\" content=\"image\/jpeg\" \/>\n<meta name=\"twitter:card\" content=\"summary_large_image\" \/>\n<meta name=\"twitter:label1\" content=\"Szacowany czas czytania\" \/>\n\t<meta name=\"twitter:data1\" content=\"4 minuty\" \/>\n<script type=\"application\/ld+json\" class=\"yoast-schema-graph\">{\"@context\":\"https:\/\/schema.org\",\"@graph\":[{\"@type\":\"WebPage\",\"@id\":\"https:\/\/skalnedziki.pl\/index.php\/obozy-wspinaczkowe\/\",\"url\":\"https:\/\/skalnedziki.pl\/index.php\/obozy-wspinaczkowe\/\",\"name\":\"Obozy wspinaczkowe - Skalne Dziki\",\"isPartOf\":{\"@id\":\"https:\/\/skalnedziki.pl\/#website\"},\"datePublished\":\"2022-01-20T12:24:21+00:00\",\"dateModified\":\"2023-08-04T13:24:55+00:00\",\"breadcrumb\":{\"@id\":\"https:\/\/skalnedziki.pl\/index.php\/obozy-wspinaczkowe\/#breadcrumb\"},\"inLanguage\":\"pl-PL\",\"potentialAction\":[{\"@type\":\"ReadAction\",\"target\":[\"https:\/\/skalnedziki.pl\/index.php\/obozy-wspinaczkowe\/\"]}]},{\"@type\":\"BreadcrumbList\",\"@id\":\"https:\/\/skalnedziki.pl\/index.php\/obozy-wspinaczkowe\/#breadcrumb\",\"itemListElement\":[{\"@type\":\"ListItem\",\"position\":1,\"name\":\"Strona g\u0142\u00f3wna\",\"item\":\"https:\/\/skalnedziki.pl\/\"},{\"@type\":\"ListItem\",\"position\":2,\"name\":\"Obozy wspinaczkowe\"}]},{\"@type\":\"WebSite\",\"@id\":\"https:\/\/skalnedziki.pl\/#website\",\"url\":\"https:\/\/skalnedziki.pl\/\",\"name\":\"Skalne Dziki\",\"description\":\"Szko\u0142a Wspinaczki\",\"publisher\":{\"@id\":\"https:\/\/skalnedziki.pl\/#organization\"},\"potentialAction\":[{\"@type\":\"SearchAction\",\"target\":{\"@type\":\"EntryPoint\",\"urlTemplate\":\"https:\/\/skalnedziki.pl\/?s={search_term_string}\"},\"query-input\":\"required name=search_term_string\"}],\"inLanguage\":\"pl-PL\"},{\"@type\":\"Organization\",\"@id\":\"https:\/\/skalnedziki.pl\/#organization\",\"name\":\"Skalne Dziki\",\"url\":\"https:\/\/skalnedziki.pl\/\",\"logo\":{\"@type\":\"ImageObject\",\"inLanguage\":\"pl-PL\",\"@id\":\"https:\/\/skalnedziki.pl\/#\/schema\/logo\/image\/\",\"url\":\"https:\/\/skalnedziki.pl\/wp-content\/uploads\/2021\/11\/cropped-LOGO-2-bez-ramiki-i-napisu.jpg\",\"contentUrl\":\"https:\/\/skalnedziki.pl\/wp-content\/uploads\/2021\/11\/cropped-LOGO-2-bez-ramiki-i-napisu.jpg\",\"width\":1442,\"height\":1363,\"caption\":\"Skalne Dziki\"},\"image\":{\"@id\":\"https:\/\/skalnedziki.pl\/#\/schema\/logo\/image\/\"}}]}<\/script>\n<!-- \/ Yoast SEO plugin. -->","yoast_head_json":{"title":"Obozy wspinaczkowe - Skalne Dziki","robots":{"index":"index","follow":"follow","max-snippet":"max-snippet:-1","max-image-preview":"max-image-preview:large","max-video-preview":"max-video-preview:-1"},"canonical":"https:\/\/skalnedziki.pl\/index.php\/obozy-wspinaczkowe\/","og_locale":"pl_PL","og_type":"article","og_title":"Obozy wspinaczkowe - Skalne Dziki","og_description":"Turcja 2023 &#8211; Geyikbayiri Sycylia 2023 &#8211; San Vito lo Capo Dla Kogo ? Je\u015bli&nbsp;Chcesz si\u0119 przenie\u015b\u0107&nbsp;w ciep\u0142e kraje i powspina\u0107 po wygrzanej w s\u0142o\u0144cu skale to zapraszam na Sycylie&nbsp;do San Vito lo Capo. Obozy przeznaczone s\u0105 dla ka\u017cdego&nbsp;niezale\u017cnie od poziomu wspinaczkowego. Mo\u017cesz&nbsp;by\u0107 osob\u0105 pocz\u0105tkuj\u0105c\u0105 lub bardziej zaawansowan\u0105, tamtejsza ska\u0142a [&hellip;]","og_url":"https:\/\/skalnedziki.pl\/index.php\/obozy-wspinaczkowe\/","og_site_name":"Skalne Dziki","article_modified_time":"2023-08-04T13:24:55+00:00","og_image":[{"width":1600,"height":1200,"url":"https:\/\/skalnedziki.pl\/wp-content\/uploads\/2022\/01\/IMG-20211206-WA0033.jpg","type":"image\/jpeg"}],"twitter_card":"summary_large_image","twitter_misc":{"Szacowany czas czytania":"4 minuty"},"schema":{"@context":"https:\/\/schema.org","@graph":[{"@type":"WebPage","@id":"https:\/\/skalnedziki.pl\/index.php\/obozy-wspinaczkowe\/","url":"https:\/\/skalnedziki.pl\/index.php\/obozy-wspinaczkowe\/","name":"Obozy wspinaczkowe - Skalne Dziki","isPartOf":{"@id":"https:\/\/skalnedziki.pl\/#website"},"datePublished":"2022-01-20T12:24:21+00:00","dateModified":"2023-08-04T13:24:55+00:00","breadcrumb":{"@id":"https:\/\/skalnedziki.pl\/index.php\/obozy-wspinaczkowe\/#breadcrumb"},"inLanguage":"pl-PL","potentialAction":[{"@type":"ReadAction","target":["https:\/\/skalnedziki.pl\/index.php\/obozy-wspinaczkowe\/"]}]},{"@type":"BreadcrumbList","@id":"https:\/\/skalnedziki.pl\/index.php\/obozy-wspinaczkowe\/#breadcrumb","itemListElement":[{"@type":"ListItem","position":1,"name":"Strona g\u0142\u00f3wna","item":"https:\/\/skalnedziki.pl\/"},{"@type":"ListItem","position":2,"name":"Obozy wspinaczkowe"}]},{"@type":"WebSite","@id":"https:\/\/skalnedziki.pl\/#website","url":"https:\/\/skalnedziki.pl\/","name":"Skalne Dziki","description":"Szko\u0142a Wspinaczki","publisher":{"@id":"https:\/\/skalnedziki.pl\/#organization"},"potentialAction":[{"@type":"SearchAction","target":{"@type":"EntryPoint","urlTemplate":"https:\/\/skalnedziki.pl\/?s={search_term_string}"},"query-input":"required name=search_term_string"}],"inLanguage":"pl-PL"},{"@type":"Organization","@id":"https:\/\/skalnedziki.pl\/#organization","name":"Skalne Dziki","url":"https:\/\/skalnedziki.pl\/","logo":{"@type":"ImageObject","inLanguage":"pl-PL","@id":"https:\/\/skalnedziki.pl\/#\/schema\/logo\/image\/","url":"https:\/\/skalnedziki.pl\/wp-content\/uploads\/2021\/11\/cropped-LOGO-2-bez-ramiki-i-napisu.jpg","contentUrl":"https:\/\/skalnedziki.pl\/wp-content\/uploads\/2021\/11\/cropped-LOGO-2-bez-ramiki-i-napisu.jpg","width":1442,"height":1363,"caption":"Skalne Dziki"},"image":{"@id":"https:\/\/skalnedziki.pl\/#\/schema\/logo\/image\/"}}]}},"_links":{"self":[{"href":"https:\/\/skalnedziki.pl\/index.php\/wp-json\/wp\/v2\/pages\/1346","targetHints":{"allow":["GET"]}}],"collection":[{"href":"https:\/\/skalnedziki.pl\/index.php\/wp-json\/wp\/v2\/pages"}],"about":[{"href":"https:\/\/skalnedziki.pl\/index.php\/wp-json\/wp\/v2\/types\/page"}],"author":[{"embeddable":true,"href":"https:\/\/skalnedziki.pl\/index.php\/wp-json\/wp\/v2\/users\/2"}],"replies":[{"embeddable":true,"href":"https:\/\/skalnedziki.pl\/index.php\/wp-json\/wp\/v2\/comments?post=1346"}],"version-history":[{"count":24,"href":"https:\/\/skalnedziki.pl\/index.php\/wp-json\/wp\/v2\/pages\/1346\/revisions"}],"predecessor-version":[{"id":1668,"href":"https:\/\/skalnedziki.pl\/index.php\/wp-json\/wp\/v2\/pages\/1346\/revisions\/1668"}],"wp:featuredmedia":[{"embeddable":true,"href":"https:\/\/skalnedziki.pl\/index.php\/wp-json\/wp\/v2\/media\/1360"}],"wp:attachment":[{"href":"https:\/\/skalnedziki.pl\/index.php\/wp-json\/wp\/v2\/media?parent=1346"}],"curies":[{"name":"wp","href":"https:\/\/api.w.org\/{rel}","templated":true}]}}