{"id":522,"date":"2021-03-07T19:30:20","date_gmt":"2021-03-07T18:30:20","guid":{"rendered":"http:\/\/skalnedziki.pl\/?page_id=522"},"modified":"2026-02-04T19:39:29","modified_gmt":"2026-02-04T18:39:29","slug":"dzien-z-instruktorem","status":"publish","type":"page","link":"https:\/\/skalnedziki.pl\/index.php\/dzien-z-instruktorem\/","title":{"rendered":"Dzie\u0144 z Instruktorem"},"content":{"rendered":"\n<div class=\"wp-block-columns alignwide is-layout-flex wp-container-core-columns-is-layout-9d6595d7 wp-block-columns-is-layout-flex\">\n<div class=\"wp-block-column is-layout-flow wp-block-column-is-layout-flow\" style=\"flex-basis:100%\">\n<div class=\"wp-block-columns is-layout-flex wp-container-core-columns-is-layout-9d6595d7 wp-block-columns-is-layout-flex\">\n<div class=\"wp-block-column is-layout-flow wp-block-column-is-layout-flow\">\n<div class=\"wp-block-columns is-layout-flex wp-container-core-columns-is-layout-9d6595d7 wp-block-columns-is-layout-flex\">\n<div class=\"wp-block-column is-layout-flow wp-block-column-is-layout-flow\">\n<figure class=\"wp-block-gallery has-nested-images columns-default is-cropped wp-block-gallery-1 is-layout-flex wp-block-gallery-is-layout-flex\">\n<figure class=\"wp-block-image size-large\"><img loading=\"lazy\" decoding=\"async\" width=\"576\" height=\"1024\" data-id=\"1358\" src=\"https:\/\/skalnedziki.pl\/wp-content\/uploads\/2022\/01\/4-576x1024.jpg\" alt=\"\" class=\"wp-image-1358\" srcset=\"https:\/\/skalnedziki.pl\/wp-content\/uploads\/2022\/01\/4-576x1024.jpg 576w, https:\/\/skalnedziki.pl\/wp-content\/uploads\/2022\/01\/4-169x300.jpg 169w, https:\/\/skalnedziki.pl\/wp-content\/uploads\/2022\/01\/4-768x1365.jpg 768w, https:\/\/skalnedziki.pl\/wp-content\/uploads\/2022\/01\/4-864x1536.jpg 864w, https:\/\/skalnedziki.pl\/wp-content\/uploads\/2022\/01\/4-1152x2048.jpg 1152w, https:\/\/skalnedziki.pl\/wp-content\/uploads\/2022\/01\/4-scaled.jpg 1440w\" sizes=\"auto, (max-width: 576px) 100vw, 576px\" \/><\/figure>\n\n\n\n<figure class=\"wp-block-image size-large\"><img loading=\"lazy\" decoding=\"async\" width=\"1024\" height=\"768\" data-id=\"1171\" src=\"https:\/\/skalnedziki.pl\/wp-content\/uploads\/2021\/10\/IMG_20210810_152152646_HDR-1024x768.jpg\" alt=\"Churup\" class=\"wp-image-1171\" srcset=\"https:\/\/skalnedziki.pl\/wp-content\/uploads\/2021\/10\/IMG_20210810_152152646_HDR-1024x768.jpg 1024w, https:\/\/skalnedziki.pl\/wp-content\/uploads\/2021\/10\/IMG_20210810_152152646_HDR-300x225.jpg 300w, https:\/\/skalnedziki.pl\/wp-content\/uploads\/2021\/10\/IMG_20210810_152152646_HDR-768x576.jpg 768w, https:\/\/skalnedziki.pl\/wp-content\/uploads\/2021\/10\/IMG_20210810_152152646_HDR-1536x1152.jpg 1536w, https:\/\/skalnedziki.pl\/wp-content\/uploads\/2021\/10\/IMG_20210810_152152646_HDR-2048x1536.jpg 2048w\" sizes=\"auto, (max-width: 1024px) 100vw, 1024px\" \/><figcaption class=\"wp-element-caption\">Churup<\/figcaption><\/figure>\n\n\n\n<figure class=\"wp-block-image size-large\"><img loading=\"lazy\" decoding=\"async\" width=\"566\" height=\"1006\" data-id=\"1329\" src=\"https:\/\/skalnedziki.pl\/wp-content\/uploads\/2022\/01\/14.jpg\" alt=\"\" class=\"wp-image-1329\" srcset=\"https:\/\/skalnedziki.pl\/wp-content\/uploads\/2022\/01\/14.jpg 566w, https:\/\/skalnedziki.pl\/wp-content\/uploads\/2022\/01\/14-169x300.jpg 169w\" sizes=\"auto, (max-width: 566px) 100vw, 566px\" \/><\/figure>\n\n\n\n<figure class=\"wp-block-image size-large\"><img loading=\"lazy\" decoding=\"async\" width=\"1024\" height=\"769\" data-id=\"1025\" src=\"https:\/\/skalnedziki.pl\/wp-content\/uploads\/2021\/10\/Wierzcholek-Dent-du-Geant-KW-Krakow-1-1024x769.jpg\" alt=\"\" class=\"wp-image-1025\" srcset=\"https:\/\/skalnedziki.pl\/wp-content\/uploads\/2021\/10\/Wierzcholek-Dent-du-Geant-KW-Krakow-1-1024x769.jpg 1024w, https:\/\/skalnedziki.pl\/wp-content\/uploads\/2021\/10\/Wierzcholek-Dent-du-Geant-KW-Krakow-1-300x225.jpg 300w, https:\/\/skalnedziki.pl\/wp-content\/uploads\/2021\/10\/Wierzcholek-Dent-du-Geant-KW-Krakow-1-768x577.jpg 768w, https:\/\/skalnedziki.pl\/wp-content\/uploads\/2021\/10\/Wierzcholek-Dent-du-Geant-KW-Krakow-1-1536x1153.jpg 1536w, https:\/\/skalnedziki.pl\/wp-content\/uploads\/2021\/10\/Wierzcholek-Dent-du-Geant-KW-Krakow-1-2048x1538.jpg 2048w\" sizes=\"auto, (max-width: 1024px) 100vw, 1024px\" \/><\/figure>\n<\/figure>\n<\/div>\n\n\n\n<div class=\"wp-block-column is-layout-flow wp-block-column-is-layout-flow\">\n<div id=\"wp-block-themeisle-blocks-font-awesome-icons-4d1ce995\" class=\"wp-block-themeisle-blocks-font-awesome-icons\"><span class=\"wp-block-themeisle-blocks-font-awesome-icons-container\"><i class=\"fas fa-user-friends\"><\/i><\/span><\/div>\n\n\n\n<h3 class=\"wp-block-heading has-text-align-left\">Dla Kogo ?<\/h3>\n\n\n\n<p>Dla ka\u017cdego kto chce pozna\u0107 dobrze wspinaczkowe zak\u0105tki jury krakowsko-cz\u0119stochowskiej a przy okazji podszkoli\u0107 sw\u00f3j warsztat i poszerzy\u0107 swoje do\u015bwiadczenie wspinaczkowe.<\/p>\n\n\n\n<div id=\"wp-block-themeisle-blocks-font-awesome-icons-bf96cbd1\" class=\"wp-block-themeisle-blocks-font-awesome-icons\"><span class=\"wp-block-themeisle-blocks-font-awesome-icons-container\"><i class=\"fab fa-atlassian\"><\/i><\/span><\/div>\n\n\n\n<h3 class=\"wp-block-heading has-text-align-left\">O kursie <\/h3>\n\n\n\n<p>Zazwyczaj spotykamy si\u0119 o godzinie 9 i wspinamy si\u0119 lub szkolimy do wieczora. W zale\u017cno\u015b\u0107 od twoich potrzeb mo\u017cemy pojecha\u0107 na najlepsze dla Ciebie wspinaczkowe miejsc\u00f3wki i tam szlifowa\u0107 warsztat wspinaczkowy lub zrobi\u0107 szkolenie z dowolnego zagadnienia wspinaczkowego lub powt\u00f3rk\u0119 z kursu wspinaczki skalnej.<\/p>\n\n\n\n<div id=\"wp-block-themeisle-blocks-font-awesome-icons-6ac5b1c0\" class=\"wp-block-themeisle-blocks-font-awesome-icons\"><span class=\"wp-block-themeisle-blocks-font-awesome-icons-container\"><i class=\"far fa-lightbulb\"><\/i><\/span><\/div>\n\n\n\n<h3 class=\"wp-block-heading has-text-align-left\">Czego si\u0119 nauczysz <\/h3>\n\n\n\n<p>Program naszego spotkania ustalamy indywidualnie kilka dni przed spotkaniem. W zale\u017cno\u015bci od Twoich preferencji mog\u0105 to by\u0107 warsztaty z techniki wspinania lub kt\u00f3re\u015b z zagadnie\u0144 operacji sprz\u0119towych lub rozwi\u0105zywania sytuacji awaryjnych.<\/p>\n\n\n\n<p>Dzi\u0119ki takiemu spotkani nab\u0119dziesz najbardziej aktualn\u0105 wiedze zgodn\u0105 z wytycznymi Polskiego Zwi\u0105zku Alpinizmu.<\/p>\n<\/div>\n<\/div>\n\n\n\n<div id=\"wp-block-themeisle-blocks-font-awesome-icons-a9dd9875\" class=\"wp-block-themeisle-blocks-font-awesome-icons\"><span class=\"wp-block-themeisle-blocks-font-awesome-icons-container\"><i class=\"far fa-calendar-alt\"><\/i><\/span><\/div>\n\n\n\n<h3 class=\"wp-block-heading has-text-align-left\">Terminy i ceny<\/h3>\n\n\n\n<figure class=\"wp-block-table is-style-stripes\"><table><tbody><tr><td><strong>DZIE\u0143 WSPINANIA Z INSTRUKTOREM (TERMINY USTALAMY INDYWIDUALNIE)<\/strong><\/td><td><strong><font dir=\"auto\" style=\"vertical-align: inherit;\"><font dir=\"auto\" style=\"vertical-align: inherit;\">1400z\u0142 dla 1-2 os\u00f3b, 1700z\u0142 dla 3-4 os\u00f3b<\/font><\/font><\/strong><\/td><\/tr><\/tbody><\/table><\/figure>\n\n\n\n<div id=\"wp-block-themeisle-blocks-font-awesome-icons-69ff265d\" class=\"wp-block-themeisle-blocks-font-awesome-icons\"><span class=\"wp-block-themeisle-blocks-font-awesome-icons-container\"><i class=\"far fa-envelope\"><\/i><\/span><\/div>\n\n\n\n<h3 class=\"wp-block-heading has-text-align-left\">Jak si\u0119 zapisa\u0107 <\/h3>\n\n\n\n<p>Napisz na adres <strong><a href=\"mailto:skalnedziki@gmail.com\">skalnedziki@gmail.com<\/a><\/strong> lub zadzwo\u0144 pod numer <strong><a href=\"tel:788175642\">788 175 642<\/a><\/strong><\/p>\n\n\n\n<p>Po potwierdzeniu przez nas dost\u0119pno\u015bci wybranego terminu prosz\u0119 przes\u0142a\u0107 zaliczk\u0119 w wysoko\u015bci <strong>400 z\u0142<\/strong> na konto <strong>24 1140 2004 0000 3202 7165 3280<\/strong> w tytule przelewu prosz\u0119 poda\u0107: imi\u0119, nazwisko, termin kursu.<\/p>\n\n\n\n<p>&nbsp;<\/p>\n\n\n\n<div id=\"wp-block-themeisle-blocks-font-awesome-icons-3e5790ec\" class=\"wp-block-themeisle-blocks-font-awesome-icons\"><span class=\"wp-block-themeisle-blocks-font-awesome-icons-container\"><i class=\"fas fa-comments\"><\/i><\/span><\/div>\n\n\n\n<h3 class=\"wp-block-heading has-text-align-left\">Cz\u0119sto zadawane pytania<\/h3>\n\n\n\n<div id=\"wp-block-themeisle-blocks-advanced-columns-742e2fa8\" class=\"wp-block-themeisle-blocks-advanced-columns has-1-columns has-desktop-equal-layout has-tablet-equal-layout has-mobile-equal-layout has-vertical-unset has-default-gap\"><div class=\"wp-block-themeisle-blocks-advanced-columns-overlay\"><\/div><div class=\"innerblocks-wrap\">\n<div id=\"wp-block-themeisle-blocks-advanced-column-670d7646\" class=\"wp-block-themeisle-blocks-advanced-column\">\n<figure class=\"wp-block-image size-large is-resized\"><img loading=\"lazy\" decoding=\"async\" width=\"795\" height=\"259\" src=\"http:\/\/skalnedziki.pl\/wp-content\/uploads\/2021\/03\/Polski-zwiazek-alpinizmu-edited.png\" alt=\"Skalne Dziki - Kurs polecan przez Polski Zwi\u0105zek Alpinizmu\" class=\"wp-image-404\" style=\"width:1027px;height:335px\" srcset=\"https:\/\/skalnedziki.pl\/wp-content\/uploads\/2021\/03\/Polski-zwiazek-alpinizmu-edited.png 795w, https:\/\/skalnedziki.pl\/wp-content\/uploads\/2021\/03\/Polski-zwiazek-alpinizmu-edited-300x98.png 300w, https:\/\/skalnedziki.pl\/wp-content\/uploads\/2021\/03\/Polski-zwiazek-alpinizmu-edited-768x250.png 768w\" sizes=\"auto, (max-width: 795px) 100vw, 795px\" \/><\/figure>\n<\/div>\n<\/div><\/div>\n<\/div>\n<\/div>\n<\/div>\n<\/div>\n\n\n\n<p><\/p>\n","protected":false},"excerpt":{"rendered":"<p>Dla Kogo ? Dla ka\u017cdego kto chce pozna\u0107 dobrze wspinaczkowe zak\u0105tki jury krakowsko-cz\u0119stochowskiej a przy okazji podszkoli\u0107 sw\u00f3j warsztat i poszerzy\u0107 swoje do\u015bwiadczenie wspinaczkowe. O kursie Zazwyczaj spotykamy si\u0119 o godzinie 9 i wspinamy si\u0119 lub szkolimy do wieczora. W zale\u017cno\u015b\u0107 od twoich potrzeb mo\u017cemy pojecha\u0107 na najlepsze dla Ciebie [&hellip;]<\/p>\n","protected":false},"author":2,"featured_media":203,"parent":0,"menu_order":0,"comment_status":"closed","ping_status":"closed","template":"","meta":{"_themeisle_gutenberg_block_has_review":false,"footnotes":""},"class_list":["post-522","page","type-page","status-publish","has-post-thumbnail","hentry"],"yoast_head":"<!-- This site is optimized with the Yoast SEO plugin v19.14 - https:\/\/yoast.com\/wordpress\/plugins\/seo\/ -->\n<title>Dzie\u0144 z Instruktorem - Skalne Dziki<\/title>\n<meta name=\"robots\" content=\"index, follow, max-snippet:-1, max-image-preview:large, max-video-preview:-1\" \/>\n<link rel=\"canonical\" href=\"https:\/\/skalnedziki.pl\/index.php\/dzien-z-instruktorem\/\" \/>\n<meta property=\"og:locale\" content=\"pl_PL\" \/>\n<meta property=\"og:type\" content=\"article\" \/>\n<meta property=\"og:title\" content=\"Dzie\u0144 z Instruktorem - Skalne Dziki\" \/>\n<meta property=\"og:description\" content=\"Dla Kogo ? Dla ka\u017cdego kto chce pozna\u0107 dobrze wspinaczkowe zak\u0105tki jury krakowsko-cz\u0119stochowskiej a przy okazji podszkoli\u0107 sw\u00f3j warsztat i poszerzy\u0107 swoje do\u015bwiadczenie wspinaczkowe. O kursie Zazwyczaj spotykamy si\u0119 o godzinie 9 i wspinamy si\u0119 lub szkolimy do wieczora. W zale\u017cno\u015b\u0107 od twoich potrzeb mo\u017cemy pojecha\u0107 na najlepsze dla Ciebie [&hellip;]\" \/>\n<meta property=\"og:url\" content=\"https:\/\/skalnedziki.pl\/index.php\/dzien-z-instruktorem\/\" \/>\n<meta property=\"og:site_name\" content=\"Skalne Dziki\" \/>\n<meta property=\"article:modified_time\" content=\"2026-02-04T18:39:29+00:00\" \/>\n<meta property=\"og:image\" content=\"https:\/\/skalnedziki.pl\/wp-content\/uploads\/2021\/02\/Aklimatyzacja-na-drodze-Bonatti-Ghigo-Grand-Capucin-scaled.jpg\" \/>\n\t<meta property=\"og:image:width\" content=\"1922\" \/>\n\t<meta property=\"og:image:height\" content=\"2560\" \/>\n\t<meta property=\"og:image:type\" content=\"image\/jpeg\" \/>\n<meta name=\"twitter:card\" content=\"summary_large_image\" \/>\n<meta name=\"twitter:label1\" content=\"Szacowany czas czytania\" \/>\n\t<meta name=\"twitter:data1\" content=\"3 minuty\" \/>\n<script type=\"application\/ld+json\" class=\"yoast-schema-graph\">{\"@context\":\"https:\/\/schema.org\",\"@graph\":[{\"@type\":\"WebPage\",\"@id\":\"https:\/\/skalnedziki.pl\/index.php\/dzien-z-instruktorem\/\",\"url\":\"https:\/\/skalnedziki.pl\/index.php\/dzien-z-instruktorem\/\",\"name\":\"Dzie\u0144 z Instruktorem - Skalne Dziki\",\"isPartOf\":{\"@id\":\"https:\/\/skalnedziki.pl\/#website\"},\"datePublished\":\"2021-03-07T18:30:20+00:00\",\"dateModified\":\"2026-02-04T18:39:29+00:00\",\"breadcrumb\":{\"@id\":\"https:\/\/skalnedziki.pl\/index.php\/dzien-z-instruktorem\/#breadcrumb\"},\"inLanguage\":\"pl-PL\",\"potentialAction\":[{\"@type\":\"ReadAction\",\"target\":[\"https:\/\/skalnedziki.pl\/index.php\/dzien-z-instruktorem\/\"]}]},{\"@type\":\"BreadcrumbList\",\"@id\":\"https:\/\/skalnedziki.pl\/index.php\/dzien-z-instruktorem\/#breadcrumb\",\"itemListElement\":[{\"@type\":\"ListItem\",\"position\":1,\"name\":\"Strona g\u0142\u00f3wna\",\"item\":\"https:\/\/skalnedziki.pl\/\"},{\"@type\":\"ListItem\",\"position\":2,\"name\":\"Dzie\u0144 z Instruktorem\"}]},{\"@type\":\"WebSite\",\"@id\":\"https:\/\/skalnedziki.pl\/#website\",\"url\":\"https:\/\/skalnedziki.pl\/\",\"name\":\"Skalne Dziki\",\"description\":\"Szko\u0142a Wspinaczki\",\"publisher\":{\"@id\":\"https:\/\/skalnedziki.pl\/#organization\"},\"potentialAction\":[{\"@type\":\"SearchAction\",\"target\":{\"@type\":\"EntryPoint\",\"urlTemplate\":\"https:\/\/skalnedziki.pl\/?s={search_term_string}\"},\"query-input\":\"required name=search_term_string\"}],\"inLanguage\":\"pl-PL\"},{\"@type\":\"Organization\",\"@id\":\"https:\/\/skalnedziki.pl\/#organization\",\"name\":\"Skalne Dziki\",\"url\":\"https:\/\/skalnedziki.pl\/\",\"logo\":{\"@type\":\"ImageObject\",\"inLanguage\":\"pl-PL\",\"@id\":\"https:\/\/skalnedziki.pl\/#\/schema\/logo\/image\/\",\"url\":\"https:\/\/skalnedziki.pl\/wp-content\/uploads\/2021\/11\/cropped-LOGO-2-bez-ramiki-i-napisu.jpg\",\"contentUrl\":\"https:\/\/skalnedziki.pl\/wp-content\/uploads\/2021\/11\/cropped-LOGO-2-bez-ramiki-i-napisu.jpg\",\"width\":1442,\"height\":1363,\"caption\":\"Skalne Dziki\"},\"image\":{\"@id\":\"https:\/\/skalnedziki.pl\/#\/schema\/logo\/image\/\"}}]}<\/script>\n<!-- \/ Yoast SEO plugin. -->","yoast_head_json":{"title":"Dzie\u0144 z Instruktorem - Skalne Dziki","robots":{"index":"index","follow":"follow","max-snippet":"max-snippet:-1","max-image-preview":"max-image-preview:large","max-video-preview":"max-video-preview:-1"},"canonical":"https:\/\/skalnedziki.pl\/index.php\/dzien-z-instruktorem\/","og_locale":"pl_PL","og_type":"article","og_title":"Dzie\u0144 z Instruktorem - Skalne Dziki","og_description":"Dla Kogo ? Dla ka\u017cdego kto chce pozna\u0107 dobrze wspinaczkowe zak\u0105tki jury krakowsko-cz\u0119stochowskiej a przy okazji podszkoli\u0107 sw\u00f3j warsztat i poszerzy\u0107 swoje do\u015bwiadczenie wspinaczkowe. O kursie Zazwyczaj spotykamy si\u0119 o godzinie 9 i wspinamy si\u0119 lub szkolimy do wieczora. W zale\u017cno\u015b\u0107 od twoich potrzeb mo\u017cemy pojecha\u0107 na najlepsze dla Ciebie [&hellip;]","og_url":"https:\/\/skalnedziki.pl\/index.php\/dzien-z-instruktorem\/","og_site_name":"Skalne Dziki","article_modified_time":"2026-02-04T18:39:29+00:00","og_image":[{"width":1922,"height":2560,"url":"https:\/\/skalnedziki.pl\/wp-content\/uploads\/2021\/02\/Aklimatyzacja-na-drodze-Bonatti-Ghigo-Grand-Capucin-scaled.jpg","type":"image\/jpeg"}],"twitter_card":"summary_large_image","twitter_misc":{"Szacowany czas czytania":"3 minuty"},"schema":{"@context":"https:\/\/schema.org","@graph":[{"@type":"WebPage","@id":"https:\/\/skalnedziki.pl\/index.php\/dzien-z-instruktorem\/","url":"https:\/\/skalnedziki.pl\/index.php\/dzien-z-instruktorem\/","name":"Dzie\u0144 z Instruktorem - Skalne Dziki","isPartOf":{"@id":"https:\/\/skalnedziki.pl\/#website"},"datePublished":"2021-03-07T18:30:20+00:00","dateModified":"2026-02-04T18:39:29+00:00","breadcrumb":{"@id":"https:\/\/skalnedziki.pl\/index.php\/dzien-z-instruktorem\/#breadcrumb"},"inLanguage":"pl-PL","potentialAction":[{"@type":"ReadAction","target":["https:\/\/skalnedziki.pl\/index.php\/dzien-z-instruktorem\/"]}]},{"@type":"BreadcrumbList","@id":"https:\/\/skalnedziki.pl\/index.php\/dzien-z-instruktorem\/#breadcrumb","itemListElement":[{"@type":"ListItem","position":1,"name":"Strona g\u0142\u00f3wna","item":"https:\/\/skalnedziki.pl\/"},{"@type":"ListItem","position":2,"name":"Dzie\u0144 z Instruktorem"}]},{"@type":"WebSite","@id":"https:\/\/skalnedziki.pl\/#website","url":"https:\/\/skalnedziki.pl\/","name":"Skalne Dziki","description":"Szko\u0142a Wspinaczki","publisher":{"@id":"https:\/\/skalnedziki.pl\/#organization"},"potentialAction":[{"@type":"SearchAction","target":{"@type":"EntryPoint","urlTemplate":"https:\/\/skalnedziki.pl\/?s={search_term_string}"},"query-input":"required name=search_term_string"}],"inLanguage":"pl-PL"},{"@type":"Organization","@id":"https:\/\/skalnedziki.pl\/#organization","name":"Skalne Dziki","url":"https:\/\/skalnedziki.pl\/","logo":{"@type":"ImageObject","inLanguage":"pl-PL","@id":"https:\/\/skalnedziki.pl\/#\/schema\/logo\/image\/","url":"https:\/\/skalnedziki.pl\/wp-content\/uploads\/2021\/11\/cropped-LOGO-2-bez-ramiki-i-napisu.jpg","contentUrl":"https:\/\/skalnedziki.pl\/wp-content\/uploads\/2021\/11\/cropped-LOGO-2-bez-ramiki-i-napisu.jpg","width":1442,"height":1363,"caption":"Skalne Dziki"},"image":{"@id":"https:\/\/skalnedziki.pl\/#\/schema\/logo\/image\/"}}]}},"_links":{"self":[{"href":"https:\/\/skalnedziki.pl\/index.php\/wp-json\/wp\/v2\/pages\/522","targetHints":{"allow":["GET"]}}],"collection":[{"href":"https:\/\/skalnedziki.pl\/index.php\/wp-json\/wp\/v2\/pages"}],"about":[{"href":"https:\/\/skalnedziki.pl\/index.php\/wp-json\/wp\/v2\/types\/page"}],"author":[{"embeddable":true,"href":"https:\/\/skalnedziki.pl\/index.php\/wp-json\/wp\/v2\/users\/2"}],"replies":[{"embeddable":true,"href":"https:\/\/skalnedziki.pl\/index.php\/wp-json\/wp\/v2\/comments?post=522"}],"version-history":[{"count":13,"href":"https:\/\/skalnedziki.pl\/index.php\/wp-json\/wp\/v2\/pages\/522\/revisions"}],"predecessor-version":[{"id":1919,"href":"https:\/\/skalnedziki.pl\/index.php\/wp-json\/wp\/v2\/pages\/522\/revisions\/1919"}],"wp:featuredmedia":[{"embeddable":true,"href":"https:\/\/skalnedziki.pl\/index.php\/wp-json\/wp\/v2\/media\/203"}],"wp:attachment":[{"href":"https:\/\/skalnedziki.pl\/index.php\/wp-json\/wp\/v2\/media?parent=522"}],"curies":[{"name":"wp","href":"https:\/\/api.w.org\/{rel}","templated":true}]}}