{"id":523,"date":"2021-03-07T19:30:31","date_gmt":"2021-03-07T18:30:31","guid":{"rendered":"http:\/\/skalnedziki.pl\/?page_id=523"},"modified":"2023-08-04T15:26:46","modified_gmt":"2023-08-04T13:26:46","slug":"voucher","status":"publish","type":"page","link":"https:\/\/skalnedziki.pl\/index.php\/voucher\/","title":{"rendered":"Voucher"},"content":{"rendered":"\n<div class=\"wp-block-columns alignwide is-layout-flex wp-container-core-columns-is-layout-9d6595d7 wp-block-columns-is-layout-flex\">\n<div class=\"wp-block-column is-layout-flow wp-block-column-is-layout-flow\" style=\"flex-basis:100%\">\n<div class=\"wp-block-columns is-layout-flex wp-container-core-columns-is-layout-9d6595d7 wp-block-columns-is-layout-flex\">\n<div class=\"wp-block-column is-layout-flow wp-block-column-is-layout-flow\">\n<div class=\"wp-block-columns is-layout-flex wp-container-core-columns-is-layout-9d6595d7 wp-block-columns-is-layout-flex\">\n<div class=\"wp-block-column is-layout-flow wp-block-column-is-layout-flow\">\n<figure class=\"wp-block-gallery has-nested-images columns-default is-cropped wp-block-gallery-1 is-layout-flex wp-block-gallery-is-layout-flex\">\n<figure class=\"wp-block-image size-large\"><img loading=\"lazy\" decoding=\"async\" width=\"1024\" height=\"577\" data-id=\"753\" src=\"https:\/\/skalnedziki.pl\/wp-content\/uploads\/2021\/03\/IMG_20200823_174034046-1024x577.jpg\" alt=\"Kurs wspinaczki\" class=\"wp-image-753\" srcset=\"https:\/\/skalnedziki.pl\/wp-content\/uploads\/2021\/03\/IMG_20200823_174034046-1024x577.jpg 1024w, https:\/\/skalnedziki.pl\/wp-content\/uploads\/2021\/03\/IMG_20200823_174034046-300x169.jpg 300w, https:\/\/skalnedziki.pl\/wp-content\/uploads\/2021\/03\/IMG_20200823_174034046-768x432.jpg 768w, https:\/\/skalnedziki.pl\/wp-content\/uploads\/2021\/03\/IMG_20200823_174034046-1536x865.jpg 1536w, https:\/\/skalnedziki.pl\/wp-content\/uploads\/2021\/03\/IMG_20200823_174034046-2048x1153.jpg 2048w\" sizes=\"auto, (max-width: 1024px) 100vw, 1024px\" \/><figcaption class=\"wp-element-caption\">Kurs wspinaczki<\/figcaption><\/figure>\n\n\n\n<figure class=\"wp-block-image size-large\"><img loading=\"lazy\" decoding=\"async\" width=\"1024\" height=\"768\" data-id=\"217\" src=\"https:\/\/skalnedziki.pl\/wp-content\/uploads\/2021\/02\/IMG_20180907_134232987-1024x768.jpg\" alt=\"\" class=\"wp-image-217\" srcset=\"https:\/\/skalnedziki.pl\/wp-content\/uploads\/2021\/02\/IMG_20180907_134232987-1024x768.jpg 1024w, https:\/\/skalnedziki.pl\/wp-content\/uploads\/2021\/02\/IMG_20180907_134232987-300x225.jpg 300w, https:\/\/skalnedziki.pl\/wp-content\/uploads\/2021\/02\/IMG_20180907_134232987-768x576.jpg 768w, https:\/\/skalnedziki.pl\/wp-content\/uploads\/2021\/02\/IMG_20180907_134232987-1536x1152.jpg 1536w, https:\/\/skalnedziki.pl\/wp-content\/uploads\/2021\/02\/IMG_20180907_134232987-2048x1536.jpg 2048w\" sizes=\"auto, (max-width: 1024px) 100vw, 1024px\" \/><\/figure>\n\n\n\n<figure class=\"wp-block-image size-large\"><img loading=\"lazy\" decoding=\"async\" width=\"574\" height=\"1024\" data-id=\"616\" src=\"https:\/\/skalnedziki.pl\/wp-content\/uploads\/2021\/03\/20170813_135830-edited-574x1024.jpg\" alt=\"\" class=\"wp-image-616\" srcset=\"https:\/\/skalnedziki.pl\/wp-content\/uploads\/2021\/03\/20170813_135830-edited-574x1024.jpg 574w, https:\/\/skalnedziki.pl\/wp-content\/uploads\/2021\/03\/20170813_135830-edited-168x300.jpg 168w, https:\/\/skalnedziki.pl\/wp-content\/uploads\/2021\/03\/20170813_135830-edited-768x1371.jpg 768w, https:\/\/skalnedziki.pl\/wp-content\/uploads\/2021\/03\/20170813_135830-edited-861x1536.jpg 861w, https:\/\/skalnedziki.pl\/wp-content\/uploads\/2021\/03\/20170813_135830-edited-1147x2048.jpg 1147w, https:\/\/skalnedziki.pl\/wp-content\/uploads\/2021\/03\/20170813_135830-edited.jpg 1301w\" sizes=\"auto, (max-width: 574px) 100vw, 574px\" \/><\/figure>\n\n\n\n<figure class=\"wp-block-image size-large\"><img loading=\"lazy\" decoding=\"async\" width=\"1024\" height=\"784\" data-id=\"312\" src=\"https:\/\/skalnedziki.pl\/wp-content\/uploads\/2021\/03\/voucher-zdjecie-1-1024x784.jpg\" alt=\"\" class=\"wp-image-312\"\/><\/figure>\n<\/figure>\n<\/div>\n\n\n\n<div class=\"wp-block-column is-layout-flow wp-block-column-is-layout-flow\">\n<div id=\"wp-block-themeisle-blocks-font-awesome-icons-ce6daa98\" class=\"wp-block-themeisle-blocks-font-awesome-icons\"><span class=\"wp-block-themeisle-blocks-font-awesome-icons-container\"><i class=\"fas fa-user-friends\"><\/i><\/span><\/div>\n\n\n\n<h3 class=\"wp-block-heading has-text-align-left\">Dla Kogo ?<\/h3>\n\n\n\n<p>Dla ka\u017cdej aktywnej osoby.  Szkolenie doskonale sprawdzi si\u0119 jako prezent dla fana g\u00f3rskich przyg\u00f3d lub kogo\u015b kto my\u015bli o rozpocz\u0119ciu wspinaczki. Podaruj mu niepowtarzalny prezent, kt\u00f3ry z pewno\u015bci\u0105 pog\u0142\u0119bi jego wiedz\u0119 i sprawi du\u017co rado\u015bci.<\/p>\n\n\n\n<div id=\"wp-block-themeisle-blocks-font-awesome-icons-1f069142\" class=\"wp-block-themeisle-blocks-font-awesome-icons\"><span class=\"wp-block-themeisle-blocks-font-awesome-icons-container\"><i class=\"fab fa-atlassian\"><\/i><\/span><\/div>\n\n\n\n<h3 class=\"wp-block-heading has-text-align-left\">O kursie <\/h3>\n\n\n\n<p>Voucher mo\u017cna wykupi\u0107 na dowolne szkolenie dost\u0119pne w naszej szkole<\/p>\n\n\n\n<ul class=\"wp-block-list\">\n<li><a href=\"http:\/\/skalnedziki.pl\/index.php\/dzien-z-instruktorem\/\">Dzie\u0144 z instruktorem<\/a><\/li>\n\n\n\n<li><a href=\"http:\/\/skalnedziki.pl\/index.php\/doszkalania\/\">Doszkalanie<\/a> <\/li>\n\n\n\n<li><a href=\"http:\/\/skalnedziki.pl\/index.php\/pelny-kurs-wspinaczki\/\">Pe\u0142ny kurs wspinaczki<\/a><\/li>\n\n\n\n<li><a href=\"http:\/\/skalnedziki.pl\/index.php\/kurs-wspinaczkowy-asekuracja-wlasnawielowyciagi\/\">Podstawowy kurs wspinaczki<\/a><\/li>\n\n\n\n<li><a href=\"http:\/\/skalnedziki.pl\/index.php\/kurs-wspinaczkowy-asekuracja-wlasnawielowyciagi\/\">Kurs Wspinaczkowy asekuracja w\u0142asna+ wielowyci\u0105gi<\/a><\/li>\n<\/ul>\n\n\n\n<div id=\"wp-block-themeisle-blocks-font-awesome-icons-eb9ff873\" class=\"wp-block-themeisle-blocks-font-awesome-icons\"><span class=\"wp-block-themeisle-blocks-font-awesome-icons-container\"><i class=\"far fa-lightbulb\"><\/i><\/span><\/div>\n\n\n\n<h3 class=\"wp-block-heading has-text-align-left\">Czego si\u0119 nauczysz <\/h3>\n\n\n\n<p>W zale\u017cno\u015bci od wybranego wariantu zdob\u0119dziesz najbardziej aktualne umiej\u0119tno\u015bci i wiedz\u0119 rekomendowana przez Polski Zwi\u0105zek Alpinizmu. Pod okiem Instruktora wspinaczki skalnej PZA.<\/p>\n<\/div>\n<\/div>\n\n\n\n<div id=\"wp-block-themeisle-blocks-font-awesome-icons-a9dd9875\" class=\"wp-block-themeisle-blocks-font-awesome-icons\"><span class=\"wp-block-themeisle-blocks-font-awesome-icons-container\"><i class=\"far fa-calendar-alt\"><\/i><\/span><\/div>\n\n\n\n<h3 class=\"wp-block-heading has-text-align-left\">Terminy i ceny<\/h3>\n\n\n\n<p>Terminy i ceny kurs\u00f3w wspinaczkowych dost\u0119pne w zak\u0142adce Oferta. <\/p>\n\n\n\n<p>Terminy doszkala\u0144 i dnia z instruktorem ustalamy indywidualnie.<\/p>\n\n\n\n<div id=\"wp-block-themeisle-blocks-font-awesome-icons-69ff265d\" class=\"wp-block-themeisle-blocks-font-awesome-icons\"><span class=\"wp-block-themeisle-blocks-font-awesome-icons-container\"><i class=\"far fa-envelope\"><\/i><\/span><\/div>\n\n\n\n<h3 class=\"wp-block-heading has-text-align-left\">Jak si\u0119 zapisa\u0107 <\/h3>\n\n\n\n<p>Napisz na adres <strong><a href=\"mailto:skalnedziki@gmail.com\">skalnedziki@gmail.com<\/a><\/strong> lub zadzwo\u0144 pod numer <strong><a href=\"tel:788175642\">788 175 642<\/a><\/strong><\/p>\n\n\n\n<p>Po potwierdzeniu przez nas dost\u0119pno\u015bci wybranego terminu prosz\u0119 przes\u0142a\u0107 zaliczk\u0119 na konto <strong>24 1140 2004 0000 3202 7165 3280<\/strong> w tytule przelewu prosz\u0119 poda\u0107: imi\u0119, nazwisko, termin kursu.<\/p>\n\n\n\n<p>&nbsp;<\/p>\n\n\n\n<div id=\"wp-block-themeisle-blocks-font-awesome-icons-3e5790ec\" class=\"wp-block-themeisle-blocks-font-awesome-icons\"><span class=\"wp-block-themeisle-blocks-font-awesome-icons-container\"><i class=\"fas fa-comments\"><\/i><\/span><\/div>\n\n\n\n<h3 class=\"wp-block-heading has-text-align-left\">Cz\u0119sto zadawane pytania<\/h3>\n\n\n\n<div id=\"wp-block-themeisle-blocks-advanced-columns-742e2fa8\" class=\"wp-block-themeisle-blocks-advanced-columns has-1-columns has-desktop-equal-layout has-tablet-equal-layout has-mobile-equal-layout has-vertical-unset has-default-gap\"><div class=\"wp-block-themeisle-blocks-advanced-columns-overlay\"><\/div><div class=\"innerblocks-wrap\">\n<div id=\"wp-block-themeisle-blocks-advanced-column-670d7646\" class=\"wp-block-themeisle-blocks-advanced-column\">\n<figure class=\"wp-block-image size-large is-resized\"><img loading=\"lazy\" decoding=\"async\" src=\"http:\/\/skalnedziki.pl\/wp-content\/uploads\/2021\/03\/Polski-zwiazek-alpinizmu-edited.png\" alt=\"Skalne Dziki - Kurs polecan przez Polski Zwi\u0105zek Alpinizmu\" class=\"wp-image-404\" width=\"1027\" height=\"335\" srcset=\"https:\/\/skalnedziki.pl\/wp-content\/uploads\/2021\/03\/Polski-zwiazek-alpinizmu-edited.png 795w, https:\/\/skalnedziki.pl\/wp-content\/uploads\/2021\/03\/Polski-zwiazek-alpinizmu-edited-300x98.png 300w, https:\/\/skalnedziki.pl\/wp-content\/uploads\/2021\/03\/Polski-zwiazek-alpinizmu-edited-768x250.png 768w\" sizes=\"auto, (max-width: 1027px) 100vw, 1027px\" \/><\/figure>\n<\/div>\n<\/div><\/div>\n<\/div>\n<\/div>\n<\/div>\n<\/div>\n\n\n\n<p><\/p>\n","protected":false},"excerpt":{"rendered":"<p>Dla Kogo ? Dla ka\u017cdej aktywnej osoby. Szkolenie doskonale sprawdzi si\u0119 jako prezent dla fana g\u00f3rskich przyg\u00f3d lub kogo\u015b kto my\u015bli o rozpocz\u0119ciu wspinaczki. Podaruj mu niepowtarzalny prezent, kt\u00f3ry z pewno\u015bci\u0105 pog\u0142\u0119bi jego wiedz\u0119 i sprawi du\u017co rado\u015bci. O kursie Voucher mo\u017cna wykupi\u0107 na dowolne szkolenie dost\u0119pne w naszej szkole [&hellip;]<\/p>\n","protected":false},"author":2,"featured_media":1343,"parent":0,"menu_order":0,"comment_status":"closed","ping_status":"closed","template":"","meta":{"_themeisle_gutenberg_block_has_review":false,"footnotes":""},"class_list":["post-523","page","type-page","status-publish","has-post-thumbnail","hentry"],"yoast_head":"<!-- This site is optimized with the Yoast SEO plugin v19.14 - https:\/\/yoast.com\/wordpress\/plugins\/seo\/ -->\n<title>Voucher - Skalne Dziki<\/title>\n<meta name=\"robots\" content=\"index, follow, max-snippet:-1, max-image-preview:large, max-video-preview:-1\" \/>\n<link rel=\"canonical\" href=\"https:\/\/skalnedziki.pl\/index.php\/voucher\/\" \/>\n<meta property=\"og:locale\" content=\"pl_PL\" \/>\n<meta property=\"og:type\" content=\"article\" \/>\n<meta property=\"og:title\" content=\"Voucher - Skalne Dziki\" \/>\n<meta property=\"og:description\" content=\"Dla Kogo ? Dla ka\u017cdej aktywnej osoby. Szkolenie doskonale sprawdzi si\u0119 jako prezent dla fana g\u00f3rskich przyg\u00f3d lub kogo\u015b kto my\u015bli o rozpocz\u0119ciu wspinaczki. Podaruj mu niepowtarzalny prezent, kt\u00f3ry z pewno\u015bci\u0105 pog\u0142\u0119bi jego wiedz\u0119 i sprawi du\u017co rado\u015bci. O kursie Voucher mo\u017cna wykupi\u0107 na dowolne szkolenie dost\u0119pne w naszej szkole [&hellip;]\" \/>\n<meta property=\"og:url\" content=\"https:\/\/skalnedziki.pl\/index.php\/voucher\/\" \/>\n<meta property=\"og:site_name\" content=\"Skalne Dziki\" \/>\n<meta property=\"article:modified_time\" content=\"2023-08-04T13:26:46+00:00\" \/>\n<meta property=\"og:image\" content=\"https:\/\/skalnedziki.pl\/wp-content\/uploads\/2022\/01\/21-scaled.jpg\" \/>\n\t<meta property=\"og:image:width\" content=\"2560\" \/>\n\t<meta property=\"og:image:height\" content=\"849\" \/>\n\t<meta property=\"og:image:type\" content=\"image\/jpeg\" \/>\n<meta name=\"twitter:card\" content=\"summary_large_image\" \/>\n<meta name=\"twitter:label1\" content=\"Szacowany czas czytania\" \/>\n\t<meta name=\"twitter:data1\" content=\"4 minuty\" \/>\n<script type=\"application\/ld+json\" class=\"yoast-schema-graph\">{\"@context\":\"https:\/\/schema.org\",\"@graph\":[{\"@type\":\"WebPage\",\"@id\":\"https:\/\/skalnedziki.pl\/index.php\/voucher\/\",\"url\":\"https:\/\/skalnedziki.pl\/index.php\/voucher\/\",\"name\":\"Voucher - Skalne Dziki\",\"isPartOf\":{\"@id\":\"https:\/\/skalnedziki.pl\/#website\"},\"datePublished\":\"2021-03-07T18:30:31+00:00\",\"dateModified\":\"2023-08-04T13:26:46+00:00\",\"breadcrumb\":{\"@id\":\"https:\/\/skalnedziki.pl\/index.php\/voucher\/#breadcrumb\"},\"inLanguage\":\"pl-PL\",\"potentialAction\":[{\"@type\":\"ReadAction\",\"target\":[\"https:\/\/skalnedziki.pl\/index.php\/voucher\/\"]}]},{\"@type\":\"BreadcrumbList\",\"@id\":\"https:\/\/skalnedziki.pl\/index.php\/voucher\/#breadcrumb\",\"itemListElement\":[{\"@type\":\"ListItem\",\"position\":1,\"name\":\"Strona g\u0142\u00f3wna\",\"item\":\"https:\/\/skalnedziki.pl\/\"},{\"@type\":\"ListItem\",\"position\":2,\"name\":\"Voucher\"}]},{\"@type\":\"WebSite\",\"@id\":\"https:\/\/skalnedziki.pl\/#website\",\"url\":\"https:\/\/skalnedziki.pl\/\",\"name\":\"Skalne Dziki\",\"description\":\"Szko\u0142a Wspinaczki\",\"publisher\":{\"@id\":\"https:\/\/skalnedziki.pl\/#organization\"},\"potentialAction\":[{\"@type\":\"SearchAction\",\"target\":{\"@type\":\"EntryPoint\",\"urlTemplate\":\"https:\/\/skalnedziki.pl\/?s={search_term_string}\"},\"query-input\":\"required name=search_term_string\"}],\"inLanguage\":\"pl-PL\"},{\"@type\":\"Organization\",\"@id\":\"https:\/\/skalnedziki.pl\/#organization\",\"name\":\"Skalne Dziki\",\"url\":\"https:\/\/skalnedziki.pl\/\",\"logo\":{\"@type\":\"ImageObject\",\"inLanguage\":\"pl-PL\",\"@id\":\"https:\/\/skalnedziki.pl\/#\/schema\/logo\/image\/\",\"url\":\"https:\/\/skalnedziki.pl\/wp-content\/uploads\/2021\/11\/cropped-LOGO-2-bez-ramiki-i-napisu.jpg\",\"contentUrl\":\"https:\/\/skalnedziki.pl\/wp-content\/uploads\/2021\/11\/cropped-LOGO-2-bez-ramiki-i-napisu.jpg\",\"width\":1442,\"height\":1363,\"caption\":\"Skalne Dziki\"},\"image\":{\"@id\":\"https:\/\/skalnedziki.pl\/#\/schema\/logo\/image\/\"}}]}<\/script>\n<!-- \/ Yoast SEO plugin. -->","yoast_head_json":{"title":"Voucher - Skalne Dziki","robots":{"index":"index","follow":"follow","max-snippet":"max-snippet:-1","max-image-preview":"max-image-preview:large","max-video-preview":"max-video-preview:-1"},"canonical":"https:\/\/skalnedziki.pl\/index.php\/voucher\/","og_locale":"pl_PL","og_type":"article","og_title":"Voucher - Skalne Dziki","og_description":"Dla Kogo ? Dla ka\u017cdej aktywnej osoby. Szkolenie doskonale sprawdzi si\u0119 jako prezent dla fana g\u00f3rskich przyg\u00f3d lub kogo\u015b kto my\u015bli o rozpocz\u0119ciu wspinaczki. Podaruj mu niepowtarzalny prezent, kt\u00f3ry z pewno\u015bci\u0105 pog\u0142\u0119bi jego wiedz\u0119 i sprawi du\u017co rado\u015bci. O kursie Voucher mo\u017cna wykupi\u0107 na dowolne szkolenie dost\u0119pne w naszej szkole [&hellip;]","og_url":"https:\/\/skalnedziki.pl\/index.php\/voucher\/","og_site_name":"Skalne Dziki","article_modified_time":"2023-08-04T13:26:46+00:00","og_image":[{"width":2560,"height":849,"url":"https:\/\/skalnedziki.pl\/wp-content\/uploads\/2022\/01\/21-scaled.jpg","type":"image\/jpeg"}],"twitter_card":"summary_large_image","twitter_misc":{"Szacowany czas czytania":"4 minuty"},"schema":{"@context":"https:\/\/schema.org","@graph":[{"@type":"WebPage","@id":"https:\/\/skalnedziki.pl\/index.php\/voucher\/","url":"https:\/\/skalnedziki.pl\/index.php\/voucher\/","name":"Voucher - Skalne Dziki","isPartOf":{"@id":"https:\/\/skalnedziki.pl\/#website"},"datePublished":"2021-03-07T18:30:31+00:00","dateModified":"2023-08-04T13:26:46+00:00","breadcrumb":{"@id":"https:\/\/skalnedziki.pl\/index.php\/voucher\/#breadcrumb"},"inLanguage":"pl-PL","potentialAction":[{"@type":"ReadAction","target":["https:\/\/skalnedziki.pl\/index.php\/voucher\/"]}]},{"@type":"BreadcrumbList","@id":"https:\/\/skalnedziki.pl\/index.php\/voucher\/#breadcrumb","itemListElement":[{"@type":"ListItem","position":1,"name":"Strona g\u0142\u00f3wna","item":"https:\/\/skalnedziki.pl\/"},{"@type":"ListItem","position":2,"name":"Voucher"}]},{"@type":"WebSite","@id":"https:\/\/skalnedziki.pl\/#website","url":"https:\/\/skalnedziki.pl\/","name":"Skalne Dziki","description":"Szko\u0142a Wspinaczki","publisher":{"@id":"https:\/\/skalnedziki.pl\/#organization"},"potentialAction":[{"@type":"SearchAction","target":{"@type":"EntryPoint","urlTemplate":"https:\/\/skalnedziki.pl\/?s={search_term_string}"},"query-input":"required name=search_term_string"}],"inLanguage":"pl-PL"},{"@type":"Organization","@id":"https:\/\/skalnedziki.pl\/#organization","name":"Skalne Dziki","url":"https:\/\/skalnedziki.pl\/","logo":{"@type":"ImageObject","inLanguage":"pl-PL","@id":"https:\/\/skalnedziki.pl\/#\/schema\/logo\/image\/","url":"https:\/\/skalnedziki.pl\/wp-content\/uploads\/2021\/11\/cropped-LOGO-2-bez-ramiki-i-napisu.jpg","contentUrl":"https:\/\/skalnedziki.pl\/wp-content\/uploads\/2021\/11\/cropped-LOGO-2-bez-ramiki-i-napisu.jpg","width":1442,"height":1363,"caption":"Skalne Dziki"},"image":{"@id":"https:\/\/skalnedziki.pl\/#\/schema\/logo\/image\/"}}]}},"_links":{"self":[{"href":"https:\/\/skalnedziki.pl\/index.php\/wp-json\/wp\/v2\/pages\/523","targetHints":{"allow":["GET"]}}],"collection":[{"href":"https:\/\/skalnedziki.pl\/index.php\/wp-json\/wp\/v2\/pages"}],"about":[{"href":"https:\/\/skalnedziki.pl\/index.php\/wp-json\/wp\/v2\/types\/page"}],"author":[{"embeddable":true,"href":"https:\/\/skalnedziki.pl\/index.php\/wp-json\/wp\/v2\/users\/2"}],"replies":[{"embeddable":true,"href":"https:\/\/skalnedziki.pl\/index.php\/wp-json\/wp\/v2\/comments?post=523"}],"version-history":[{"count":14,"href":"https:\/\/skalnedziki.pl\/index.php\/wp-json\/wp\/v2\/pages\/523\/revisions"}],"predecessor-version":[{"id":1671,"href":"https:\/\/skalnedziki.pl\/index.php\/wp-json\/wp\/v2\/pages\/523\/revisions\/1671"}],"wp:featuredmedia":[{"embeddable":true,"href":"https:\/\/skalnedziki.pl\/index.php\/wp-json\/wp\/v2\/media\/1343"}],"wp:attachment":[{"href":"https:\/\/skalnedziki.pl\/index.php\/wp-json\/wp\/v2\/media?parent=523"}],"curies":[{"name":"wp","href":"https:\/\/api.w.org\/{rel}","templated":true}]}}