{"id":524,"date":"2021-03-07T19:30:38","date_gmt":"2021-03-07T18:30:38","guid":{"rendered":"http:\/\/skalnedziki.pl\/?page_id=524"},"modified":"2026-03-13T17:19:27","modified_gmt":"2026-03-13T16:19:27","slug":"kurs-wspinaczkowy-asekuracja-wlasnawielowyciagi","status":"publish","type":"page","link":"https:\/\/skalnedziki.pl\/index.php\/kurs-wspinaczkowy-asekuracja-wlasnawielowyciagi\/","title":{"rendered":"Kurs wspinaczkowy asekuracja w\u0142asna+wielowyci\u0105gi PZA"},"content":{"rendered":"\n<div class=\"wp-block-columns alignwide is-layout-flex wp-container-core-columns-is-layout-9d6595d7 wp-block-columns-is-layout-flex\">\n<div class=\"wp-block-column is-layout-flow wp-block-column-is-layout-flow\" style=\"flex-basis:100%\">\n<div class=\"wp-block-columns is-layout-flex wp-container-core-columns-is-layout-9d6595d7 wp-block-columns-is-layout-flex\">\n<div class=\"wp-block-column is-layout-flow wp-block-column-is-layout-flow\">\n<div class=\"wp-block-columns is-layout-flex wp-container-core-columns-is-layout-9d6595d7 wp-block-columns-is-layout-flex\">\n<div class=\"wp-block-column is-layout-flow wp-block-column-is-layout-flow\">\n<figure class=\"wp-block-gallery has-nested-images columns-default is-cropped wp-block-gallery-1 is-layout-flex wp-block-gallery-is-layout-flex\">\n<figure class=\"wp-block-image size-large\"><img loading=\"lazy\" decoding=\"async\" width=\"576\" height=\"1024\" data-id=\"1331\" src=\"https:\/\/skalnedziki.pl\/wp-content\/uploads\/2022\/01\/16-576x1024.jpg\" alt=\"\" class=\"wp-image-1331\" srcset=\"https:\/\/skalnedziki.pl\/wp-content\/uploads\/2022\/01\/16-576x1024.jpg 576w, https:\/\/skalnedziki.pl\/wp-content\/uploads\/2022\/01\/16-169x300.jpg 169w, https:\/\/skalnedziki.pl\/wp-content\/uploads\/2022\/01\/16-768x1365.jpg 768w, https:\/\/skalnedziki.pl\/wp-content\/uploads\/2022\/01\/16-864x1536.jpg 864w, https:\/\/skalnedziki.pl\/wp-content\/uploads\/2022\/01\/16-1152x2048.jpg 1152w, https:\/\/skalnedziki.pl\/wp-content\/uploads\/2022\/01\/16-scaled.jpg 1440w\" sizes=\"auto, (max-width: 576px) 100vw, 576px\" \/><\/figure>\n\n\n\n<figure class=\"wp-block-image size-large\"><img loading=\"lazy\" decoding=\"async\" width=\"577\" height=\"1024\" data-id=\"1311\" src=\"https:\/\/skalnedziki.pl\/wp-content\/uploads\/2022\/01\/IMG_20210508_110521008_HDR-577x1024.jpg\" alt=\"\" class=\"wp-image-1311\" srcset=\"https:\/\/skalnedziki.pl\/wp-content\/uploads\/2022\/01\/IMG_20210508_110521008_HDR-577x1024.jpg 577w, https:\/\/skalnedziki.pl\/wp-content\/uploads\/2022\/01\/IMG_20210508_110521008_HDR-169x300.jpg 169w, https:\/\/skalnedziki.pl\/wp-content\/uploads\/2022\/01\/IMG_20210508_110521008_HDR-768x1364.jpg 768w, https:\/\/skalnedziki.pl\/wp-content\/uploads\/2022\/01\/IMG_20210508_110521008_HDR-865x1536.jpg 865w, https:\/\/skalnedziki.pl\/wp-content\/uploads\/2022\/01\/IMG_20210508_110521008_HDR-1153x2048.jpg 1153w, https:\/\/skalnedziki.pl\/wp-content\/uploads\/2022\/01\/IMG_20210508_110521008_HDR-scaled.jpg 1441w\" sizes=\"auto, (max-width: 577px) 100vw, 577px\" \/><\/figure>\n\n\n\n<figure class=\"wp-block-image size-large\"><img loading=\"lazy\" decoding=\"async\" width=\"577\" height=\"1024\" data-id=\"1310\" src=\"https:\/\/skalnedziki.pl\/wp-content\/uploads\/2022\/01\/IMG_20210428_123539136-577x1024.jpg\" alt=\"\" class=\"wp-image-1310\" srcset=\"https:\/\/skalnedziki.pl\/wp-content\/uploads\/2022\/01\/IMG_20210428_123539136-577x1024.jpg 577w, https:\/\/skalnedziki.pl\/wp-content\/uploads\/2022\/01\/IMG_20210428_123539136-169x300.jpg 169w, https:\/\/skalnedziki.pl\/wp-content\/uploads\/2022\/01\/IMG_20210428_123539136-768x1364.jpg 768w, https:\/\/skalnedziki.pl\/wp-content\/uploads\/2022\/01\/IMG_20210428_123539136-865x1536.jpg 865w, https:\/\/skalnedziki.pl\/wp-content\/uploads\/2022\/01\/IMG_20210428_123539136-1153x2048.jpg 1153w, https:\/\/skalnedziki.pl\/wp-content\/uploads\/2022\/01\/IMG_20210428_123539136-scaled.jpg 1441w\" sizes=\"auto, (max-width: 577px) 100vw, 577px\" \/><\/figure>\n\n\n\n<figure class=\"wp-block-image size-large\"><img loading=\"lazy\" decoding=\"async\" width=\"2560\" height=\"1920\" data-id=\"1497\" src=\"https:\/\/skalnedziki.pl\/wp-content\/uploads\/2023\/01\/IMG_20210924_132612390-edited-1-scaled.jpg\" alt=\"\" class=\"wp-image-1497\" srcset=\"https:\/\/skalnedziki.pl\/wp-content\/uploads\/2023\/01\/IMG_20210924_132612390-edited-1-scaled.jpg 2560w, https:\/\/skalnedziki.pl\/wp-content\/uploads\/2023\/01\/IMG_20210924_132612390-edited-1-300x225.jpg 300w, https:\/\/skalnedziki.pl\/wp-content\/uploads\/2023\/01\/IMG_20210924_132612390-edited-1-1024x768.jpg 1024w, https:\/\/skalnedziki.pl\/wp-content\/uploads\/2023\/01\/IMG_20210924_132612390-edited-1-768x576.jpg 768w, https:\/\/skalnedziki.pl\/wp-content\/uploads\/2023\/01\/IMG_20210924_132612390-edited-1-1536x1152.jpg 1536w, https:\/\/skalnedziki.pl\/wp-content\/uploads\/2023\/01\/IMG_20210924_132612390-edited-1-2048x1536.jpg 2048w\" sizes=\"auto, (max-width: 2560px) 100vw, 2560px\" \/><\/figure>\n<\/figure>\n<\/div>\n\n\n\n<div class=\"wp-block-column is-layout-flow wp-block-column-is-layout-flow\">\n<div id=\"wp-block-themeisle-blocks-font-awesome-icons-82efd2b5\" class=\"wp-block-themeisle-blocks-font-awesome-icons\"><span class=\"wp-block-themeisle-blocks-font-awesome-icons-container\"><i class=\"fas fa-user-friends\"><\/i><\/span><\/div>\n\n\n\n<h3 class=\"wp-block-heading has-text-align-left\">Dla Kogo ?<\/h3>\n\n\n\n<p>Dla os\u00f3b kt\u00f3rzy ju\u017c mieli kontakt ze wspinaniem, znaj\u0105 podstawy wspinaczki po drogach ubezpieczonych w sta\u0142e punkty asekuracyjne. Chc\u0105 poszerzy\u0107 swoj\u0105 wiedz\u0119 o wspinanie na w\u0142asnej asekuracji i wspinanie wielowyci\u0105gowe lub przygotowa\u0107 si\u0119 do kursu taternickiego. Zach\u0119camy do odbycia wcze\u015bniej czterodniowego kursu po drogach ubezpieczonych.<\/p>\n\n\n\n<div id=\"wp-block-themeisle-blocks-font-awesome-icons-9d40359a\" class=\"wp-block-themeisle-blocks-font-awesome-icons\"><span class=\"wp-block-themeisle-blocks-font-awesome-icons-container\"><i class=\"fab fa-atlassian\"><\/i><\/span><\/div>\n\n\n\n<h3 class=\"wp-block-heading has-text-align-left\">O kursie <\/h3>\n\n\n\n<p>Celem kursu jest wyszkolenie wspinaczy do samodzielnego poruszania si\u0119 w terenie skalnym niewyposa\u017conym w sta\u0142e punkty asekuracyjne. Kurs jest przygotowaniem do kursu taternickiego.<\/p>\n\n\n\n<p>Kurs odbywa si\u0119 na terenie Jury Krakowsko-Cz\u0119stochowskiej najcz\u0119\u015bciej w dolinach Kobyla\u0144skiej, B\u0119dkowskiej, Bolechowickiej i na osta\u0144cach Jerzmanowickich lub w Sokolikach.<\/p>\n\n\n\n<p>Kurs trwa cztery dni. Odbywa si\u0119 przy minimum dw\u00f3ch uczestnikach. Maksymalna ilo\u015b\u0107 uczestnik\u00f3w przypadaj\u0105cych na jednego instruktora to cztery osoby.<\/p>\n\n\n\n<div id=\"wp-block-themeisle-blocks-font-awesome-icons-f85022ff\" class=\"wp-block-themeisle-blocks-font-awesome-icons\"><span class=\"wp-block-themeisle-blocks-font-awesome-icons-container\"><i class=\"far fa-lightbulb\"><\/i><\/span><\/div>\n\n\n\n<h3 class=\"wp-block-heading has-text-align-left\">Czego si\u0119 nauczysz <\/h3>\n\n\n\n<p>\u017beby zaliczy\u0107 kurs&nbsp; musisz opanowa\u0107 zawarte w programie umiej\u0119tno\u015bci w zakresie techniki asekuracji i pozosta\u0142ych technik linowych oraz samodzielne i swobodne pokonywa\u0107 z doln\u0105 asekuracj\u0105 drogi skalne, niewyposa\u017cone w sta\u0142e punkty asekuracyjne, o trudno\u015bciach, co najmniej IV w skali UIAA.<strong> <\/strong>Po zako\u0144czeniu kursu otrzymasz za\u015bwiadczenie o uko\u0144czeniu szkolenia, przeprowadzonego zgodnie z programem PZA i skierowanie na kurs taternicki.<\/p>\n<\/div>\n<\/div>\n\n\n\n<div id=\"wp-block-themeisle-blocks-font-awesome-icons-bf175533\" class=\"wp-block-themeisle-blocks-font-awesome-icons\"><span class=\"wp-block-themeisle-blocks-font-awesome-icons-container\"><i class=\"fas fa-tasks\"><\/i><\/span><\/div>\n\n\n\n<h3 class=\"wp-block-heading has-text-align-left\">Program <\/h3>\n\n\n\n<p><strong>Program kursu jest zatwierdzony przez Polski Zwi\u0105zek Alpinizmu<\/strong>.<\/p>\n\n\n\n<p><strong>Tre\u015bci zaj\u0119\u0107 praktycznych:<\/strong><\/p>\n\n\n\n<ul class=\"wp-block-list\">\n<li>praktyczna znajomo\u015b\u0107 w\u0119z\u0142\u00f3w: prusik, bloker, stoper ta\u015bmowy;<\/li>\n\n\n\n<li>dobieranie sprz\u0119tu do konkretnej drogi i poprawne noszenie go;<\/li>\n\n\n\n<li>samodzielne zak\u0142adanie punkt\u00f3w asekuracyjnych (kostki, kostki mechaniczne itp.);<\/li>\n\n\n\n<li>wykorzystanie punkt\u00f3w naturalnych;<\/li>\n\n\n\n<li>\u0142\u0105czenie punkt\u00f3w asekuracyjnych;<\/li>\n\n\n\n<li>budowanie stanowisk asekuracyjnych dolnych, g\u00f3rnych i po\u015brednich;<\/li>\n\n\n\n<li>wspinaczka drog\u0105 dwuwyci\u0105gow\u0105 \u2013 zagadnienia asekuracji, zmiana na prowadzeniu;<\/li>\n\n\n\n<li>obs\u0142uga 2 przyrz\u0105d\u00f3w asekuracyjnych w zakresie podawania, wybierania, hamowania liny oraz jej blokowania i odblokowania; przyrz\u0105dy: kubek (dowolny rodzaj) lub p\u0142ytka oraz p\u00f3\u0142wyblinka z karabinkiem HMS; opcjonalnie dodatkowo grigri;<\/li>\n\n\n\n<li>w\u0142a\u015bciwe rozmieszczanie punkt\u00f3w przelotowych;<\/li>\n\n\n\n<li>prawid\u0142owe prowadzenie liny jedno\u017cy\u0142owej; opcjonalnie dodatkowo dwu\u017cy\u0142owej;<\/li>\n\n\n\n<li>zak\u0142adanie stanowisk zjazdowych; \u2013 zjazd w wysokim przyrz\u0105dzie wraz z odpowiedni\u0105 autoasekuracj\u0105;<\/li>\n\n\n\n<li>rozwi\u0105zywanie prostych sytuacji awaryjnych w trakcie zjazdu;<\/li>\n\n\n\n<li>pokonywanie r\u00f3\u017cnych formacji skalnych z zastosowaniem odpowiednich technik wspinaczkowych;<\/li>\n\n\n\n<li>wychodzenie po linie (prusikowanie);<\/li>\n\n\n\n<li>opuszczenie partnera przy zablokowanym przyrz\u0105dzie 2-funkcyjnym;&nbsp;<\/li>\n\n\n\n<li>opcjonalnie: uwalnianie si\u0119 na stanowisku od ci\u0119\u017caru wisz\u0105cego partnera;<\/li>\n\n\n\n<li>opcjonalnie: \u0142\u0105czenie lin pod obci\u0105\u017ceniem i przepuszczanie w\u0119z\u0142a przez karabinek (najprostsz\u0105 metod\u0105). &nbsp;<\/li>\n<\/ul>\n\n\n\n<p><strong>Tre\u015bci zaj\u0119\u0107 teoretycznych:<\/strong><\/p>\n\n\n\n<ul class=\"wp-block-list\">\n<li>Sprz\u0119t niezb\u0119dny do samodzielnego instalowania punkt\u00f3w asekuracyjnych (kostki, kostki mechaniczne itp.).<\/li>\n\n\n\n<li>Teoria asekuracji.<\/li>\n\n\n\n<li>Formacje skalne (zakres podstawowy).<\/li>\n\n\n\n<li>Niebezpiecze\u0144stwa wspinania.<\/li>\n\n\n\n<li>Pierwsza pomoc (zakres podstawowy).<\/li>\n\n\n\n<li>Style wspinania, przewodniki i rejony wspinaczkowe.<\/li>\n\n\n\n<li>Normy etyczne obowi\u0105zuj\u0105ce w \u015brodowisku wspinaczy, zagadnienia ochrony przyrody.<\/li>\n\n\n\n<li>Historia wspinania (opcjonalnie).<\/li>\n<\/ul>\n\n\n\n<div id=\"wp-block-themeisle-blocks-font-awesome-icons-a9dd9875\" class=\"wp-block-themeisle-blocks-font-awesome-icons\"><span class=\"wp-block-themeisle-blocks-font-awesome-icons-container\"><i class=\"far fa-calendar-alt\"><\/i><\/span><\/div>\n\n\n\n<h3 class=\"wp-block-heading has-text-align-left\">Terminy i ceny 2026.<\/h3>\n\n\n\n<p><strong>WSPINANIE NA W\u0141ASNEJ ASEKURACJI + WIELOWYCI\u0104G\u00d3WKI<\/strong>, <strong>KRAK\u00d3W<\/strong><\/p>\n\n\n\n<p>Przy zg\u0142oszeniu si\u0119 grupy trzy lub czteroosobowej rabat 100z\u0142\/os.<\/p>\n\n\n\n<figure class=\"wp-block-table is-style-stripes\"><table class=\"has-fixed-layout\"><tbody><tr><td>24-26 kwietnia brak miejsc<\/td><td class=\"has-text-align-right\" data-align=\"right\">1&nbsp;700z\u0142<\/td><\/tr><tr><td>07-10 maja brak miejsc<\/td><td class=\"has-text-align-right\" data-align=\"right\">1&nbsp;700z\u0142<\/td><\/tr><tr><td>14-17 maja <strong>trzy miejsca<\/strong><\/td><td class=\"has-text-align-right\" data-align=\"right\">1&nbsp;700z\u0142<\/td><\/tr><tr><td>28-31 maja <strong>trzy miejsca<\/strong><\/td><td class=\"has-text-align-right\" data-align=\"right\">1&nbsp;700z\u0142<\/td><\/tr><tr><td>04-07 czerwca \u015bwi\u0119to  <strong>trzy miejsca<\/strong><\/td><td class=\"has-text-align-right\" data-align=\"right\">1&nbsp;700z\u0142<\/td><\/tr><tr><td>23-26 lipca<\/td><td class=\"has-text-align-right\" data-align=\"right\">1&nbsp;700z\u0142<\/td><\/tr><tr><td>20-23 sierpnia<\/td><td class=\"has-text-align-right\" data-align=\"right\">1&nbsp;700z\u0142<\/td><\/tr><tr><td>17-20 wrze\u015bnia<\/td><td class=\"has-text-align-right\" data-align=\"right\">1&nbsp;700z\u0142<\/td><\/tr><tr><td>24-27 wrze\u015bnia<\/td><td class=\"has-text-align-right\" data-align=\"right\">1&nbsp;700z\u0142<\/td><\/tr><tr><td>01-04 pa\u017adziernika<\/td><td class=\"has-text-align-right\" data-align=\"right\">1&nbsp;700z\u0142<\/td><\/tr><\/tbody><\/table><\/figure>\n\n\n\n<p><strong>WSPINANIE NA W\u0141ASNEJ ASEKURACJI+ WIELOWYCI\u0104G\u00d3WKI, SOKOLIKI<\/strong><\/p>\n\n\n\n<figure class=\"wp-block-table is-style-stripes\"><table class=\"has-fixed-layout\"><tbody><tr><td>14-17 maja brak miejsc<\/td><td class=\"has-text-align-right\" data-align=\"right\">1&nbsp;750z\u0142<\/td><\/tr><tr><td>28-31 maja brak miejsc<\/td><td class=\"has-text-align-right\" data-align=\"right\">1&nbsp;750z\u0142<\/td><\/tr><tr><td>23-26 lipca<\/td><td class=\"has-text-align-right\" data-align=\"right\">1&nbsp;750z\u0142<\/td><\/tr><tr><td>20-23 sierpnia<\/td><td class=\"has-text-align-right\" data-align=\"right\">1&nbsp;750z\u0142<\/td><\/tr><tr><td>17-20 wrze\u015bnia<\/td><td class=\"has-text-align-right\" data-align=\"right\">1&nbsp;750z\u0142<\/td><\/tr><tr><td>24-27 wrze\u015bnia<\/td><td class=\"has-text-align-right\" data-align=\"right\">1&nbsp;750z\u0142<\/td><\/tr><\/tbody><\/table><\/figure>\n\n\n\n<div id=\"wp-block-themeisle-blocks-font-awesome-icons-69ff265d\" class=\"wp-block-themeisle-blocks-font-awesome-icons\"><span class=\"wp-block-themeisle-blocks-font-awesome-icons-container\"><i class=\"far fa-envelope\"><\/i><\/span><\/div>\n\n\n\n<h3 class=\"wp-block-heading has-text-align-left\">Jak si\u0119 zapisa\u0107 <\/h3>\n\n\n\n<p>Napisz na adres <strong><a href=\"mailto:skalnedziki@gmail.com\">skalnedziki@gmail.com<\/a><\/strong> lub zadzwo\u0144 pod numer <strong><a href=\"tel:788175642\">788 175 642<\/a><\/strong><\/p>\n\n\n\n<p>Po potwierdzeniu przez nas dost\u0119pno\u015bci wybranego terminu prosz\u0119 przes\u0142a\u0107 zaliczk\u0119 w wysoko\u015bci <strong>400 z\u0142<\/strong> na konto <strong>24 1140 2004 0000 3202 7165 3280<\/strong> w tytule przelewu prosz\u0119 poda\u0107: imi\u0119, nazwisko, termin kursu.<\/p>\n\n\n\n<p>&nbsp;<\/p>\n\n\n\n<div id=\"wp-block-themeisle-blocks-font-awesome-icons-3e5790ec\" class=\"wp-block-themeisle-blocks-font-awesome-icons\"><span class=\"wp-block-themeisle-blocks-font-awesome-icons-container\"><i class=\"fas fa-comments\"><\/i><\/span><\/div>\n\n\n\n<h3 class=\"wp-block-heading has-text-align-left\">Cz\u0119sto zadawane pytania<\/h3>\n\n\n\n<div id=\"wp-block-themeisle-blocks-advanced-columns-742e2fa8\" class=\"wp-block-themeisle-blocks-advanced-columns has-1-columns has-desktop-equal-layout has-tablet-equal-layout has-mobile-equal-layout has-vertical-unset has-default-gap\"><div class=\"wp-block-themeisle-blocks-advanced-columns-overlay\"><\/div><div class=\"innerblocks-wrap\">\n<div id=\"wp-block-themeisle-blocks-advanced-column-670d7646\" class=\"wp-block-themeisle-blocks-advanced-column\">\n<figure class=\"wp-block-image size-large is-resized\"><img loading=\"lazy\" decoding=\"async\" width=\"795\" height=\"259\" src=\"http:\/\/skalnedziki.pl\/wp-content\/uploads\/2021\/03\/Polski-zwiazek-alpinizmu-edited.png\" alt=\"Skalne Dziki - Kurs polecan przez Polski Zwi\u0105zek Alpinizmu\" class=\"wp-image-404\" style=\"width:1027px;height:335px\" srcset=\"https:\/\/skalnedziki.pl\/wp-content\/uploads\/2021\/03\/Polski-zwiazek-alpinizmu-edited.png 795w, https:\/\/skalnedziki.pl\/wp-content\/uploads\/2021\/03\/Polski-zwiazek-alpinizmu-edited-300x98.png 300w, https:\/\/skalnedziki.pl\/wp-content\/uploads\/2021\/03\/Polski-zwiazek-alpinizmu-edited-768x250.png 768w\" sizes=\"auto, (max-width: 795px) 100vw, 795px\" \/><\/figure>\n<\/div>\n<\/div><\/div>\n<\/div>\n<\/div>\n<\/div>\n<\/div>\n\n\n\n<p><\/p>\n","protected":false},"excerpt":{"rendered":"<p>Dla Kogo ? Dla os\u00f3b kt\u00f3rzy ju\u017c mieli kontakt ze wspinaniem, znaj\u0105 podstawy wspinaczki po drogach ubezpieczonych w sta\u0142e punkty asekuracyjne. Chc\u0105 poszerzy\u0107 swoj\u0105 wiedz\u0119 o wspinanie na w\u0142asnej asekuracji i wspinanie wielowyci\u0105gowe lub przygotowa\u0107 si\u0119 do kursu taternickiego. Zach\u0119camy do odbycia wcze\u015bniej czterodniowego kursu po drogach ubezpieczonych. O kursie [&hellip;]<\/p>\n","protected":false},"author":2,"featured_media":1340,"parent":0,"menu_order":0,"comment_status":"closed","ping_status":"closed","template":"","meta":{"_themeisle_gutenberg_block_has_review":false,"footnotes":""},"class_list":["post-524","page","type-page","status-publish","has-post-thumbnail","hentry"],"yoast_head":"<!-- This site is optimized with the Yoast SEO plugin v19.14 - https:\/\/yoast.com\/wordpress\/plugins\/seo\/ -->\n<title>Kurs wspinaczkowy asekuracja w\u0142asna+wielowyci\u0105gi PZA - Skalne Dziki<\/title>\n<meta name=\"robots\" content=\"index, follow, max-snippet:-1, max-image-preview:large, max-video-preview:-1\" \/>\n<link rel=\"canonical\" href=\"https:\/\/skalnedziki.pl\/index.php\/kurs-wspinaczkowy-asekuracja-wlasnawielowyciagi\/\" \/>\n<meta property=\"og:locale\" content=\"pl_PL\" \/>\n<meta property=\"og:type\" content=\"article\" \/>\n<meta property=\"og:title\" content=\"Kurs wspinaczkowy asekuracja w\u0142asna+wielowyci\u0105gi PZA - Skalne Dziki\" \/>\n<meta property=\"og:description\" content=\"Dla Kogo ? Dla os\u00f3b kt\u00f3rzy ju\u017c mieli kontakt ze wspinaniem, znaj\u0105 podstawy wspinaczki po drogach ubezpieczonych w sta\u0142e punkty asekuracyjne. Chc\u0105 poszerzy\u0107 swoj\u0105 wiedz\u0119 o wspinanie na w\u0142asnej asekuracji i wspinanie wielowyci\u0105gowe lub przygotowa\u0107 si\u0119 do kursu taternickiego. Zach\u0119camy do odbycia wcze\u015bniej czterodniowego kursu po drogach ubezpieczonych. O kursie [&hellip;]\" \/>\n<meta property=\"og:url\" content=\"https:\/\/skalnedziki.pl\/index.php\/kurs-wspinaczkowy-asekuracja-wlasnawielowyciagi\/\" \/>\n<meta property=\"og:site_name\" content=\"Skalne Dziki\" \/>\n<meta property=\"article:modified_time\" content=\"2026-03-13T16:19:27+00:00\" \/>\n<meta property=\"og:image\" content=\"https:\/\/skalnedziki.pl\/wp-content\/uploads\/2022\/01\/20-scaled.jpg\" \/>\n\t<meta property=\"og:image:width\" content=\"2560\" \/>\n\t<meta property=\"og:image:height\" content=\"659\" \/>\n\t<meta property=\"og:image:type\" content=\"image\/jpeg\" \/>\n<meta name=\"twitter:card\" content=\"summary_large_image\" \/>\n<meta name=\"twitter:label1\" content=\"Szacowany czas czytania\" \/>\n\t<meta name=\"twitter:data1\" content=\"5 minut\" \/>\n<script type=\"application\/ld+json\" class=\"yoast-schema-graph\">{\"@context\":\"https:\/\/schema.org\",\"@graph\":[{\"@type\":\"WebPage\",\"@id\":\"https:\/\/skalnedziki.pl\/index.php\/kurs-wspinaczkowy-asekuracja-wlasnawielowyciagi\/\",\"url\":\"https:\/\/skalnedziki.pl\/index.php\/kurs-wspinaczkowy-asekuracja-wlasnawielowyciagi\/\",\"name\":\"Kurs wspinaczkowy asekuracja w\u0142asna+wielowyci\u0105gi PZA - Skalne Dziki\",\"isPartOf\":{\"@id\":\"https:\/\/skalnedziki.pl\/#website\"},\"datePublished\":\"2021-03-07T18:30:38+00:00\",\"dateModified\":\"2026-03-13T16:19:27+00:00\",\"breadcrumb\":{\"@id\":\"https:\/\/skalnedziki.pl\/index.php\/kurs-wspinaczkowy-asekuracja-wlasnawielowyciagi\/#breadcrumb\"},\"inLanguage\":\"pl-PL\",\"potentialAction\":[{\"@type\":\"ReadAction\",\"target\":[\"https:\/\/skalnedziki.pl\/index.php\/kurs-wspinaczkowy-asekuracja-wlasnawielowyciagi\/\"]}]},{\"@type\":\"BreadcrumbList\",\"@id\":\"https:\/\/skalnedziki.pl\/index.php\/kurs-wspinaczkowy-asekuracja-wlasnawielowyciagi\/#breadcrumb\",\"itemListElement\":[{\"@type\":\"ListItem\",\"position\":1,\"name\":\"Strona g\u0142\u00f3wna\",\"item\":\"https:\/\/skalnedziki.pl\/\"},{\"@type\":\"ListItem\",\"position\":2,\"name\":\"Kurs wspinaczkowy asekuracja w\u0142asna+wielowyci\u0105gi PZA\"}]},{\"@type\":\"WebSite\",\"@id\":\"https:\/\/skalnedziki.pl\/#website\",\"url\":\"https:\/\/skalnedziki.pl\/\",\"name\":\"Skalne Dziki\",\"description\":\"Szko\u0142a Wspinaczki\",\"publisher\":{\"@id\":\"https:\/\/skalnedziki.pl\/#organization\"},\"potentialAction\":[{\"@type\":\"SearchAction\",\"target\":{\"@type\":\"EntryPoint\",\"urlTemplate\":\"https:\/\/skalnedziki.pl\/?s={search_term_string}\"},\"query-input\":\"required name=search_term_string\"}],\"inLanguage\":\"pl-PL\"},{\"@type\":\"Organization\",\"@id\":\"https:\/\/skalnedziki.pl\/#organization\",\"name\":\"Skalne Dziki\",\"url\":\"https:\/\/skalnedziki.pl\/\",\"logo\":{\"@type\":\"ImageObject\",\"inLanguage\":\"pl-PL\",\"@id\":\"https:\/\/skalnedziki.pl\/#\/schema\/logo\/image\/\",\"url\":\"https:\/\/skalnedziki.pl\/wp-content\/uploads\/2021\/11\/cropped-LOGO-2-bez-ramiki-i-napisu.jpg\",\"contentUrl\":\"https:\/\/skalnedziki.pl\/wp-content\/uploads\/2021\/11\/cropped-LOGO-2-bez-ramiki-i-napisu.jpg\",\"width\":1442,\"height\":1363,\"caption\":\"Skalne Dziki\"},\"image\":{\"@id\":\"https:\/\/skalnedziki.pl\/#\/schema\/logo\/image\/\"}}]}<\/script>\n<!-- \/ Yoast SEO plugin. -->","yoast_head_json":{"title":"Kurs wspinaczkowy asekuracja w\u0142asna+wielowyci\u0105gi PZA - Skalne Dziki","robots":{"index":"index","follow":"follow","max-snippet":"max-snippet:-1","max-image-preview":"max-image-preview:large","max-video-preview":"max-video-preview:-1"},"canonical":"https:\/\/skalnedziki.pl\/index.php\/kurs-wspinaczkowy-asekuracja-wlasnawielowyciagi\/","og_locale":"pl_PL","og_type":"article","og_title":"Kurs wspinaczkowy asekuracja w\u0142asna+wielowyci\u0105gi PZA - Skalne Dziki","og_description":"Dla Kogo ? Dla os\u00f3b kt\u00f3rzy ju\u017c mieli kontakt ze wspinaniem, znaj\u0105 podstawy wspinaczki po drogach ubezpieczonych w sta\u0142e punkty asekuracyjne. Chc\u0105 poszerzy\u0107 swoj\u0105 wiedz\u0119 o wspinanie na w\u0142asnej asekuracji i wspinanie wielowyci\u0105gowe lub przygotowa\u0107 si\u0119 do kursu taternickiego. Zach\u0119camy do odbycia wcze\u015bniej czterodniowego kursu po drogach ubezpieczonych. O kursie [&hellip;]","og_url":"https:\/\/skalnedziki.pl\/index.php\/kurs-wspinaczkowy-asekuracja-wlasnawielowyciagi\/","og_site_name":"Skalne Dziki","article_modified_time":"2026-03-13T16:19:27+00:00","og_image":[{"width":2560,"height":659,"url":"https:\/\/skalnedziki.pl\/wp-content\/uploads\/2022\/01\/20-scaled.jpg","type":"image\/jpeg"}],"twitter_card":"summary_large_image","twitter_misc":{"Szacowany czas czytania":"5 minut"},"schema":{"@context":"https:\/\/schema.org","@graph":[{"@type":"WebPage","@id":"https:\/\/skalnedziki.pl\/index.php\/kurs-wspinaczkowy-asekuracja-wlasnawielowyciagi\/","url":"https:\/\/skalnedziki.pl\/index.php\/kurs-wspinaczkowy-asekuracja-wlasnawielowyciagi\/","name":"Kurs wspinaczkowy asekuracja w\u0142asna+wielowyci\u0105gi PZA - Skalne Dziki","isPartOf":{"@id":"https:\/\/skalnedziki.pl\/#website"},"datePublished":"2021-03-07T18:30:38+00:00","dateModified":"2026-03-13T16:19:27+00:00","breadcrumb":{"@id":"https:\/\/skalnedziki.pl\/index.php\/kurs-wspinaczkowy-asekuracja-wlasnawielowyciagi\/#breadcrumb"},"inLanguage":"pl-PL","potentialAction":[{"@type":"ReadAction","target":["https:\/\/skalnedziki.pl\/index.php\/kurs-wspinaczkowy-asekuracja-wlasnawielowyciagi\/"]}]},{"@type":"BreadcrumbList","@id":"https:\/\/skalnedziki.pl\/index.php\/kurs-wspinaczkowy-asekuracja-wlasnawielowyciagi\/#breadcrumb","itemListElement":[{"@type":"ListItem","position":1,"name":"Strona g\u0142\u00f3wna","item":"https:\/\/skalnedziki.pl\/"},{"@type":"ListItem","position":2,"name":"Kurs wspinaczkowy asekuracja w\u0142asna+wielowyci\u0105gi PZA"}]},{"@type":"WebSite","@id":"https:\/\/skalnedziki.pl\/#website","url":"https:\/\/skalnedziki.pl\/","name":"Skalne Dziki","description":"Szko\u0142a Wspinaczki","publisher":{"@id":"https:\/\/skalnedziki.pl\/#organization"},"potentialAction":[{"@type":"SearchAction","target":{"@type":"EntryPoint","urlTemplate":"https:\/\/skalnedziki.pl\/?s={search_term_string}"},"query-input":"required name=search_term_string"}],"inLanguage":"pl-PL"},{"@type":"Organization","@id":"https:\/\/skalnedziki.pl\/#organization","name":"Skalne Dziki","url":"https:\/\/skalnedziki.pl\/","logo":{"@type":"ImageObject","inLanguage":"pl-PL","@id":"https:\/\/skalnedziki.pl\/#\/schema\/logo\/image\/","url":"https:\/\/skalnedziki.pl\/wp-content\/uploads\/2021\/11\/cropped-LOGO-2-bez-ramiki-i-napisu.jpg","contentUrl":"https:\/\/skalnedziki.pl\/wp-content\/uploads\/2021\/11\/cropped-LOGO-2-bez-ramiki-i-napisu.jpg","width":1442,"height":1363,"caption":"Skalne Dziki"},"image":{"@id":"https:\/\/skalnedziki.pl\/#\/schema\/logo\/image\/"}}]}},"_links":{"self":[{"href":"https:\/\/skalnedziki.pl\/index.php\/wp-json\/wp\/v2\/pages\/524","targetHints":{"allow":["GET"]}}],"collection":[{"href":"https:\/\/skalnedziki.pl\/index.php\/wp-json\/wp\/v2\/pages"}],"about":[{"href":"https:\/\/skalnedziki.pl\/index.php\/wp-json\/wp\/v2\/types\/page"}],"author":[{"embeddable":true,"href":"https:\/\/skalnedziki.pl\/index.php\/wp-json\/wp\/v2\/users\/2"}],"replies":[{"embeddable":true,"href":"https:\/\/skalnedziki.pl\/index.php\/wp-json\/wp\/v2\/comments?post=524"}],"version-history":[{"count":94,"href":"https:\/\/skalnedziki.pl\/index.php\/wp-json\/wp\/v2\/pages\/524\/revisions"}],"predecessor-version":[{"id":1931,"href":"https:\/\/skalnedziki.pl\/index.php\/wp-json\/wp\/v2\/pages\/524\/revisions\/1931"}],"wp:featuredmedia":[{"embeddable":true,"href":"https:\/\/skalnedziki.pl\/index.php\/wp-json\/wp\/v2\/media\/1340"}],"wp:attachment":[{"href":"https:\/\/skalnedziki.pl\/index.php\/wp-json\/wp\/v2\/media?parent=524"}],"curies":[{"name":"wp","href":"https:\/\/api.w.org\/{rel}","templated":true}]}}